{"id":1959,"date":"2023-09-26T14:50:38","date_gmt":"2023-09-26T14:50:38","guid":{"rendered":"https:\/\/www.tessiturataborelli.it\/durabilite\/"},"modified":"2026-01-07T09:28:09","modified_gmt":"2026-01-07T09:28:09","slug":"nachhaltigkeit","status":"publish","type":"page","link":"https:\/\/www.tessiturataborelli.it\/de\/nachhaltigkeit\/","title":{"rendered":"nachhaltigkeit"},"content":{"rendered":"<p>[vc_row full_width=&#8220;stretch_row_content&#8220; el_class=&#8220;container-green&#8220;][vc_column width=&#8220;1\/2&#8243;][\/vc_column][vc_column width=&#8220;1\/2&#8243;][vc_custom_heading text=&#8220;<strong>nachhaltigkeit <\/strong><br \/>\nGesundheit, Sicherheit, Umwelt<br \/>\nund nachhaltige Entwicklung.&#8220; google_fonts=&#8220;font_family:Lato%3A100%2C100italic%2C300%2C300italic%2Cregular%2Citalic%2C700%2C700italic%2C900%2C900italic|font_style:300%20light%20regular%3A300%3Anormal&#8220; el_class=&#8220;title-light-strong&#8220;][vc_column_text el_class=&#8220;text-normal&#8220;]Effizienz und Nachhaltigkeit, anpassbare Strukturen<br \/>\nund Systeme, immer auf dem neusten Standart<br \/>\nf\u00fcr Sicherheit und Gesundheit am Arbeitsplatz.[\/vc_column_text][vc_column_text el_class=&#8220;text-normal&#8220;]<strong>Unsere Firma\u00a0<\/strong><strong>verpflichtet\u00a0<\/strong><strong>sich t\u00e4glich\u00a0<\/strong><strong>dazu<br \/>\n<\/strong><strong>Nachhaltigkeit\u00a0<\/strong><strong>zu einer\u00a0<\/strong><strong>konkreten\u00a0<\/strong><strong>und von<br \/>\nallen\u00a0<\/strong><strong>wahrgenommenen\u00a0<\/strong><strong>Realit\u00e4t zu machen.<\/strong>[\/vc_column_text][vc_column_text el_class=&#8220;text-normal&#8220;]Hier finden Sie unseren aktuellen <strong>NACHHALTIGKEITSBERICHT<\/strong>.<br data-start=\"59\" data-end=\"62\" \/>Das Dokument zeigt mit gr\u00f6\u00dftm\u00f6glicher Transparenz unser<br \/>\nEngagement im Umwelt- und Sozialbereich.[\/vc_column_text][vc_row_inner][vc_column_inner width=&#8220;1\/3&#8243;][vc_btn title=&#8220;Nachhaltigkeitsbericht 2023&#8243; link=&#8220;url:https%3A%2F%2Fwww.tessiturataborelli.it%2Freport-sostenibilita%2F|||&#8220;][\/vc_column_inner][vc_column_inner width=&#8220;1\/3&#8243;][vc_btn title=&#8220;Nachhaltigkeitsbericht 2024&#8243; link=&#8220;url:https%3A%2F%2Fwww.tessiturataborelli.it%2Freport-sostenibilita-2024%2F|||&#8220;][\/vc_column_inner][vc_column_inner width=&#8220;1\/3&#8243; offset=&#8220;vc_hidden-md vc_hidden-sm vc_hidden-xs&#8220;][\/vc_column_inner][\/vc_row_inner][\/vc_column][\/vc_row]<\/p>\n","protected":false},"excerpt":{"rendered":"<p>[vc_row full_width=&#8220;stretch_row_content&#8220; el_class=&#8220;container-green&#8220;][vc_column width=&#8220;1\/2&#8243;][\/vc_column][vc_column width=&#8220;1\/2&#8243;][vc_custom_heading text=&#8220;nachhaltigkeit Gesundheit, Sicherheit, Umwelt und nachhaltige Entwicklung.&#8220; google_fonts=&#8220;font_family:Lato%3A100%2C100italic%2C300%2C300italic%2Cregular%2Citalic%2C700%2C700italic%2C900%2C900italic|font_style:300%20light%20regular%3A300%3Anormal&#8220; el_class=&#8220;title-light-strong&#8220;][vc_column_text el_class=&#8220;text-normal&#8220;]Effizienz und Nachhaltigkeit, anpassbare Strukturen und Systeme, immer auf dem neusten Standart f\u00fcr Sicherheit und Gesundheit am Arbeitsplatz.[\/vc_column_text][vc_column_text el_class=&#8220;text-normal&#8220;]Unsere Firma\u00a0verpflichtet\u00a0sich t\u00e4glich\u00a0dazu Nachhaltigkeit\u00a0zu einer\u00a0konkreten\u00a0und von allen\u00a0wahrgenommenen\u00a0Realit\u00e4t zu machen.[\/vc_column_text][vc_column_text el_class=&#8220;text-normal&#8220;]Hier finden Sie unseren aktuellen NACHHALTIGKEITSBERICHT.Das Dokument zeigt mit gr\u00f6\u00dftm\u00f6glicher Transparenz unser Engagement im [&hellip;]<\/p>\n","protected":false},"author":2,"featured_media":0,"parent":0,"menu_order":0,"comment_status":"closed","ping_status":"closed","template":"","meta":{"footnotes":""},"acf":[],"_links":{"self":[{"href":"https:\/\/www.tessiturataborelli.it\/de\/wp-json\/wp\/v2\/pages\/1959"}],"collection":[{"href":"https:\/\/www.tessiturataborelli.it\/de\/wp-json\/wp\/v2\/pages"}],"about":[{"href":"https:\/\/www.tessiturataborelli.it\/de\/wp-json\/wp\/v2\/types\/page"}],"author":[{"embeddable":true,"href":"https:\/\/www.tessiturataborelli.it\/de\/wp-json\/wp\/v2\/users\/2"}],"replies":[{"embeddable":true,"href":"https:\/\/www.tessiturataborelli.it\/de\/wp-json\/wp\/v2\/comments?post=1959"}],"version-history":[{"count":8,"href":"https:\/\/www.tessiturataborelli.it\/de\/wp-json\/wp\/v2\/pages\/1959\/revisions"}],"predecessor-version":[{"id":2469,"href":"https:\/\/www.tessiturataborelli.it\/de\/wp-json\/wp\/v2\/pages\/1959\/revisions\/2469"}],"wp:attachment":[{"href":"https:\/\/www.tessiturataborelli.it\/de\/wp-json\/wp\/v2\/media?parent=1959"}],"curies":[{"name":"wp","href":"https:\/\/api.w.org\/{rel}","templated":true}]}}