{"id":2256,"date":"2023-12-19T04:57:19","date_gmt":"2023-12-19T04:57:19","guid":{"rendered":"https:\/\/www.tessiturataborelli.it\/?page_id=2256"},"modified":"2023-12-19T04:58:34","modified_gmt":"2023-12-19T04:58:34","slug":"transparente-verwaltung","status":"publish","type":"page","link":"https:\/\/www.tessiturataborelli.it\/de\/transparente-verwaltung\/","title":{"rendered":"Transparente Verwaltung"},"content":{"rendered":"<p>[vc_row full_width=&#8220;stretch_row_content&#8220; full_height=&#8220;yes&#8220; parallax=&#8220;content-moving&#8220; parallax_image=&#8220;2237&#8243; el_class=&#8220;container-green&#8220;][vc_column css=&#8220;.vc_custom_1702785560284{background-position: center !important;background-repeat: no-repeat !important;background-size: cover !important;}&#8220;][vc_row_inner][vc_column_inner width=&#8220;1\/2&#8243;][\/vc_column_inner][vc_column_inner width=&#8220;1\/2&#8243;][vc_custom_heading text=&#8220;Transparente Verwaltung und Verwaltung von Meldungen \u2013 Whistleblowing&#8220; font_container=&#8220;tag:h1|text_align:left&#8220; google_fonts=&#8220;font_family:Lato%3A100%2C100italic%2C300%2C300italic%2Cregular%2Citalic%2C700%2C700italic%2C900%2C900italic|font_style:300%20light%20regular%3A300%3Anormal&#8220; el_class=&#8220;title-light-strong&#8220;][vc_custom_heading text=&#8220;<strong> Der Integrit\u00e4t und Transparenz verpflichtet <\/strong>&#8220; google_fonts=&#8220;font_family:Lato%3A100%2C100italic%2C300%2C300italic%2Cregular%2Citalic%2C700%2C700italic%2C900%2C900italic|font_style:300%20light%20regular%3A300%3Anormal&#8220; el_class=&#8220;title-light-strong&#8220;][vc_column_text el_class=&#8220;text-normal&#8220;]Bei Tessitura Taborelli sind wir der Einhaltung h\u00f6chster Standards in Bezug auf Berufsethik, Integrit\u00e4t und Transparenz verpflichtet. Wir sind uns der Bedeutung eines sicheren und fairen Arbeitsumfelds bewusst, in dem alle Mitarbeiter und Mitarbeiter ohne Angst vor Vergeltungsma\u00dfnahmen Bedenken \u00e4u\u00dfern oder unethisches Verhalten melden k\u00f6nnen.[\/vc_column_text][vc_column_text el_class=&#8220;text-normal&#8220;]<strong>Was ist Whistleblowing?<\/strong><br \/>\nWhistleblowing ist ein wichtiger Akt von Mut und Verantwortung. Dabei geht es um die Meldung illegaler Aktivit\u00e4ten, unethischen Verhaltens, Verst\u00f6\u00dfe gegen Gesetze, Vorschriften oder Unternehmensrichtlinien. Dieses Berichtssystem ist ein Schl\u00fcsselelement, um sicherzustellen, dass unser Unternehmen nach den h\u00f6chsten ethischen und rechtlichen Standards arbeitet.[\/vc_column_text][vc_column_text el_class=&#8220;text-normal&#8220;]<strong>So funktioniert das Meldesystem<\/strong><\/p>\n<p>Dieses System ist auf einfache Handhabung, Vertraulichkeit und auf Wunsch auch Anonymit\u00e4t ausgelegt. Wir laden alle Mitarbeiter, Lieferanten, Kunden und andere Interessenten ein, diese Plattform zu nutzen, um etwaige Bedenken zu \u00e4u\u00dfern. Berichte werden zeitnah und professionell gepr\u00fcft.[\/vc_column_text][vc_column_text el_class=&#8220;text-normal&#8220;]<strong>Garantie gegen Vergeltungsma\u00dfnahmen<\/strong><\/p>\n<p>Wir garantieren, dass jede Meldung mit gr\u00f6\u00dfter Ernsthaftigkeit und Diskretion behandelt wird. Wir bekr\u00e4ftigen unsere Verpflichtung, keinerlei Vergeltungsma\u00dfnahmen gegen diejenigen zu dulden, die in gutem Glauben Bericht erstatten.[\/vc_column_text][vc_column_text el_class=&#8220;text-normal&#8220;]<strong>Senden Sie Ihren Bericht<\/strong><\/p>\n<p>Wenn Sie Verhalten beobachtet haben, das nicht unseren ethischen oder rechtlichen Standards entspricht, ermutigen wir Sie, Ihren Teil dazu beizutragen und es zu melden. Ihre Stimme ist wichtig, um uns dabei zu helfen, dass Tessitura Taborelli ein ethischer und verantwortungsvoller Arbeitsplatz bleibt.[\/vc_column_text][vc_btn title=&#8220;BERICHT SENDEN&#8220; link=&#8220;url:https%3A%2F%2Ftessiturataborelli.whistleblowing.it%2F%23%2F||target:%20_blank|&#8220;][\/vc_column_inner][\/vc_row_inner][\/vc_column][\/vc_row]<\/p>\n","protected":false},"excerpt":{"rendered":"<p>[vc_row full_width=&#8220;stretch_row_content&#8220; full_height=&#8220;yes&#8220; parallax=&#8220;content-moving&#8220; parallax_image=&#8220;2237&#8243; el_class=&#8220;container-green&#8220;][vc_column css=&#8220;.vc_custom_1702785560284{background-position: center !important;background-repeat: no-repeat !important;background-size: cover !important;}&#8220;][vc_row_inner][vc_column_inner width=&#8220;1\/2&#8243;][\/vc_column_inner][vc_column_inner width=&#8220;1\/2&#8243;][vc_custom_heading text=&#8220;Transparente Verwaltung und Verwaltung von Meldungen \u2013 Whistleblowing&#8220; font_container=&#8220;tag:h1|text_align:left&#8220; google_fonts=&#8220;font_family:Lato%3A100%2C100italic%2C300%2C300italic%2Cregular%2Citalic%2C700%2C700italic%2C900%2C900italic|font_style:300%20light%20regular%3A300%3Anormal&#8220; el_class=&#8220;title-light-strong&#8220;][vc_custom_heading text=&#8220; Der Integrit\u00e4t und Transparenz verpflichtet &#8220; google_fonts=&#8220;font_family:Lato%3A100%2C100italic%2C300%2C300italic%2Cregular%2Citalic%2C700%2C700italic%2C900%2C900italic|font_style:300%20light%20regular%3A300%3Anormal&#8220; el_class=&#8220;title-light-strong&#8220;][vc_column_text el_class=&#8220;text-normal&#8220;]Bei Tessitura Taborelli sind wir der Einhaltung h\u00f6chster Standards in Bezug auf Berufsethik, Integrit\u00e4t und Transparenz verpflichtet. Wir sind uns [&hellip;]<\/p>\n","protected":false},"author":2,"featured_media":0,"parent":0,"menu_order":0,"comment_status":"closed","ping_status":"closed","template":"","meta":{"footnotes":""},"acf":[],"_links":{"self":[{"href":"https:\/\/www.tessiturataborelli.it\/de\/wp-json\/wp\/v2\/pages\/2256"}],"collection":[{"href":"https:\/\/www.tessiturataborelli.it\/de\/wp-json\/wp\/v2\/pages"}],"about":[{"href":"https:\/\/www.tessiturataborelli.it\/de\/wp-json\/wp\/v2\/types\/page"}],"author":[{"embeddable":true,"href":"https:\/\/www.tessiturataborelli.it\/de\/wp-json\/wp\/v2\/users\/2"}],"replies":[{"embeddable":true,"href":"https:\/\/www.tessiturataborelli.it\/de\/wp-json\/wp\/v2\/comments?post=2256"}],"version-history":[{"count":2,"href":"https:\/\/www.tessiturataborelli.it\/de\/wp-json\/wp\/v2\/pages\/2256\/revisions"}],"predecessor-version":[{"id":2258,"href":"https:\/\/www.tessiturataborelli.it\/de\/wp-json\/wp\/v2\/pages\/2256\/revisions\/2258"}],"wp:attachment":[{"href":"https:\/\/www.tessiturataborelli.it\/de\/wp-json\/wp\/v2\/media?parent=2256"}],"curies":[{"name":"wp","href":"https:\/\/api.w.org\/{rel}","templated":true}]}}