{"id":762,"date":"2018-11-16T13:51:01","date_gmt":"2018-11-16T13:51:01","guid":{"rendered":"http:\/\/www.tessiturataborelli.it\/about-us\/"},"modified":"2025-05-19T09:03:50","modified_gmt":"2025-05-19T09:03:50","slug":"about-us","status":"publish","type":"page","link":"https:\/\/www.tessiturataborelli.it\/de\/about-us\/","title":{"rendered":"About us"},"content":{"rendered":"<p>[vc_row full_width=&#8220;stretch_row_content_no_spaces&#8220;][vc_column]\n<div id=\"rev_slider_7_1_wrapper\" class=\"rev_slider_wrapper fullwidthbanner-container\" data-source=\"gallery\" style=\"margin:0px auto;background:transparent;padding:0px;margin-top:0px;margin-bottom:0px;\">\n<!-- START REVOLUTION SLIDER 5.4.7.4 auto mode -->\n\t<div id=\"rev_slider_7_1\" class=\"rev_slider fullwidthabanner\" style=\"display:none;\" data-version=\"5.4.7.4\">\n<ul>\t<!-- SLIDE  -->\n\t<li data-index=\"rs-7\" data-transition=\"fade\" data-slotamount=\"default\" data-hideafterloop=\"0\" data-hideslideonmobile=\"off\"  data-easein=\"default\" data-easeout=\"default\" data-masterspeed=\"300\"  data-rotate=\"0\"  data-saveperformance=\"off\"  data-title=\"Slide\" data-param1=\"\" data-param2=\"\" data-param3=\"\" data-param4=\"\" data-param5=\"\" data-param6=\"\" data-param7=\"\" data-param8=\"\" data-param9=\"\" data-param10=\"\" data-description=\"\">\n\t\t<!-- MAIN IMAGE -->\n\t\t<img loading=\"lazy\" decoding=\"async\" src=\"https:\/\/www.tessiturataborelli.it\/wp-content\/uploads\/2018\/11\/about-header.jpg\"  alt=\"\" title=\"about-header\"  width=\"1920\" height=\"1004\" data-bgposition=\"center center\" data-bgfit=\"cover\" data-bgrepeat=\"no-repeat\" data-bgparallax=\"1\" class=\"rev-slidebg\" data-no-retina>\n\t\t<!-- LAYERS -->\n\t<\/li>\n<\/ul>\n<div class=\"tp-bannertimer tp-bottom\" style=\"visibility: hidden !important;\"><\/div>\t<\/div>\n<script>var htmlDiv = document.getElementById(\"rs-plugin-settings-inline-css\"); var htmlDivCss=\"\";\n\t\t\t\tif(htmlDiv) {\n\t\t\t\t\thtmlDiv.innerHTML = htmlDiv.innerHTML + htmlDivCss;\n\t\t\t\t}else{\n\t\t\t\t\tvar htmlDiv = document.createElement(\"div\");\n\t\t\t\t\thtmlDiv.innerHTML = \"<style>\" + htmlDivCss + \"<\/style>\";\n\t\t\t\t\tdocument.getElementsByTagName(\"head\")[0].appendChild(htmlDiv.childNodes[0]);\n\t\t\t\t}\n\t\t\t<\/script>\n\t\t<script type=\"text\/javascript\">\nif (setREVStartSize!==undefined) setREVStartSize(\n\t{c: '#rev_slider_7_1', gridwidth: [1240], gridheight: [868], sliderLayout: 'auto'});\n\t\t\t\nvar revapi7,\n\ttpj;\t\n(function() {\t\t\t\n\tif (!\/loaded|interactive|complete\/.test(document.readyState)) document.addEventListener(\"DOMContentLoaded\",onLoad); else onLoad();\t\n\tfunction onLoad() {\t\t\t\t\n\t\tif (tpj===undefined) { tpj = jQuery; if(\"off\" == \"on\") tpj.noConflict();}\n\tif(tpj(\"#rev_slider_7_1\").revolution == undefined){\n\t\trevslider_showDoubleJqueryError(\"#rev_slider_7_1\");\n\t}else{\n\t\trevapi7 = tpj(\"#rev_slider_7_1\").show().revolution({\n\t\t\tsliderType:\"standard\",\n\t\t\tjsFileLocation:\"\/\/www.tessiturataborelli.it\/wp-content\/plugins\/revslider\/public\/assets\/js\/\",\n\t\t\tsliderLayout:\"auto\",\n\t\t\tdottedOverlay:\"none\",\n\t\t\tdelay:9000,\n\t\t\tnavigation: {\n\t\t\t\tonHoverStop:\"off\",\n\t\t\t},\n\t\t\tvisibilityLevels:[1240,1024,778,480],\n\t\t\tgridwidth:1240,\n\t\t\tgridheight:868,\n\t\t\tlazyType:\"none\",\n\t\t\tparallax: {\n\t\t\t\ttype:\"mouse\",\n\t\t\t\torigo:\"enterpoint\",\n\t\t\t\tspeed:400,\n\t\t\t\tspeedbg:0,\n\t\t\t\tspeedls:0,\n\t\t\t\tlevels:[5,10,15,20,25,30,35,40,45,46,47,48,49,50,51,55],\n\t\t\t},\n\t\t\tshadow:0,\n\t\t\tspinner:\"spinner0\",\n\t\t\tstopLoop:\"off\",\n\t\t\tstopAfterLoops:-1,\n\t\t\tstopAtSlide:-1,\n\t\t\tshuffle:\"off\",\n\t\t\tautoHeight:\"off\",\n\t\t\tdisableProgressBar:\"on\",\n\t\t\thideThumbsOnMobile:\"off\",\n\t\t\thideSliderAtLimit:0,\n\t\t\thideCaptionAtLimit:0,\n\t\t\thideAllCaptionAtLilmit:0,\n\t\t\tdebugMode:false,\n\t\t\tfallbacks: {\n\t\t\t\tsimplifyAll:\"off\",\n\t\t\t\tnextSlideOnWindowFocus:\"off\",\n\t\t\t\tdisableFocusListener:false,\n\t\t\t}\n\t\t});\n\t}; \/* END OF revapi call *\/\n\t\n }; \/* END OF ON LOAD FUNCTION *\/\n}()); \/* END OF WRAPPING FUNCTION *\/\n<\/script>\n\t\t<\/div><!-- END REVOLUTION SLIDER -->[\/vc_column][\/vc_row][vc_row equal_height=&#8220;yes&#8220; el_class=&#8220;container-tradizione&#8220;][vc_column width=&#8220;5\/12&#8243;][vc_custom_heading text=&#8220;<strong>Tradition mit Blick<\/strong><br \/>\nin die Zukunft&#8220; google_fonts=&#8220;font_family:Lato%3A100%2C100italic%2C300%2C300italic%2Cregular%2Citalic%2C700%2C700italic%2C900%2C900italic|font_style:300%20light%20regular%3A300%3Anormal&#8220; el_class=&#8220;title-light-strong&#8220;][vc_column_text el_class=&#8220;text-normal&#8220;]Gegr\u00fcndet im Jahre 1895, hat sich Taborelli im Laufe der Jahrhunderte \u00fcber Grenzen, Revolutionen und Entwicklungen hinweg entfaltet, um sich von einer lokalen Seidenweberei zu einem modernen Industriegruppe zu wandeln.<\/p>\n<p>Heute geh\u00f6ren wir zu den gr\u00f6\u00dften europ\u00e4ischen Herstellern im Bereich der Damenoberbekleidung.<\/p>\n<p>Unsere Entscheidungen sind kundenorientiert: Wir haben eine Reihe von ma\u00dfgeschneiderten Dienstleistungen entwickelt, die sich durch Schnelligkeit, Kreativit\u00e4t und Qualit\u00e4t auszeichnen.<\/p>\n<p><strong>\u201cHierzu geh\u00f6rt eine klare Vision sowie die<br \/>\nF\u00e4higkeit, Stile und Trends vorherzusehen.\u201d<\/strong>[\/vc_column_text][\/vc_column][vc_column width=&#8220;7\/12&#8243;][vc_single_image image=&#8220;751&#8243; img_size=&#8220;full&#8220; css=&#8220;.vc_custom_1542206245442{margin-bottom: 0px !important;}&#8220;][\/vc_column][\/vc_row][vc_row full_width=&#8220;stretch_row_content_no_spaces&#8220; equal_height=&#8220;yes&#8220; el_class=&#8220;container-galley-about&#8220;][vc_column width=&#8220;1\/3&#8243;][vc_single_image image=&#8220;102&#8243; img_size=&#8220;full&#8220; alignment=&#8220;center&#8220; onclick=&#8220;custom_link&#8220; css=&#8220;.vc_custom_1547483718342{margin-bottom: 0px !important;}&#8220; link=&#8220;http:\/\/www.tessiturataborelli.it\/wp-content\/uploads\/2018\/11\/gal1.jpg&#8220;][\/vc_column][vc_column width=&#8220;1\/3&#8243;][vc_single_image image=&#8220;103&#8243; img_size=&#8220;full&#8220; alignment=&#8220;center&#8220; onclick=&#8220;custom_link&#8220; css=&#8220;.vc_custom_1547483509732{margin-bottom: 0px !important;}&#8220; link=&#8220;http:\/\/www.tessiturataborelli.it\/wp-content\/uploads\/2018\/11\/gal2.jpg&#8220;][\/vc_column][vc_column width=&#8220;1\/3&#8243;][vc_single_image image=&#8220;104&#8243; img_size=&#8220;full&#8220; alignment=&#8220;center&#8220; onclick=&#8220;custom_link&#8220; css=&#8220;.vc_custom_1547483696127{margin-bottom: 0px !important;}&#8220; link=&#8220;http:\/\/www.tessiturataborelli.it\/wp-content\/uploads\/2018\/11\/gal3.jpg&#8220;][\/vc_column][\/vc_row][vc_row][vc_column][vc_custom_heading text=&#8220;UNSERE ZAHLEN&#8220; font_container=&#8220;tag:h2|text_align:center&#8220; google_fonts=&#8220;font_family:Lato%3A100%2C100italic%2C300%2C300italic%2Cregular%2Citalic%2C700%2C700italic%2C900%2C900italic|font_style:300%20light%20regular%3A300%3Anormal&#8220; el_class=&#8220;title-number-about&#8220;][\/vc_column][\/vc_row][vc_row full_width=&#8220;stretch_row&#8220; equal_height=&#8220;yes&#8220; el_class=&#8220;container-ab-numb&#8220;][vc_column width=&#8220;1\/4&#8243;][vc_column_text el_class=&#8220;counter-home about-n&#8220;]+400[\/vc_column_text][vc_column_text el_class=&#8220;text-ico&#8220;]webst\u00fchle[\/vc_column_text][\/vc_column][vc_column width=&#8220;1\/4&#8243;][vc_column_text el_class=&#8220;counter-home about-n&#8220;]7[\/vc_column_text][vc_column_text el_class=&#8220;text-ico&#8220;]Betriebe und B\u00fcros[\/vc_column_text][\/vc_column][vc_column width=&#8220;1\/4&#8243;][vc_column_text el_class=&#8220;counter-home about-n&#8220;]+1.500.000[\/vc_column_text][vc_column_text el_class=&#8220;text-ico&#8220;]kg gef\u00e4rbter Garne[\/vc_column_text][\/vc_column][vc_column width=&#8220;1\/4&#8243;][vc_column_text el_class=&#8220;counter-home about-n&#8220;]+250[\/vc_column_text][vc_column_text el_class=&#8220;text-ico&#8220;]Arten von Garnen in verschiedensten Farben[\/vc_column_text][\/vc_column][\/vc_row][vc_row full_width=&#8220;stretch_row_content_no_spaces&#8220; el_class=&#8220;filo&#8220; css=&#8220;.vc_custom_1542380289894{background-image: url(http:\/\/www.tessiturataborelli.it\/wp-content\/uploads\/2018\/11\/fili1.png?id=109) !important;}&#8220;][vc_column][\/vc_column][\/vc_row][vc_row equal_height=&#8220;yes&#8220; el_class=&#8220;container-ab-img&#8220;][vc_column width=&#8220;1\/3&#8243;][vc_single_image image=&#8220;2337&#8243; img_size=&#8220;full&#8220;][vc_column_text el_class=&#8220;text-normal&#8220;]<em>Ambrogio Taborelli<\/em><br \/>\n\u200e \u200e[\/vc_column_text][\/vc_column][vc_column width=&#8220;1\/3&#8243;][vc_single_image image=&#8220;2331&#8243; img_size=&#8220;full&#8220;][vc_column_text el_class=&#8220;text-normal&#8220;]<em>Andrea &amp; Filippo Taborelli<\/em><br \/>\nCEO[\/vc_column_text][\/vc_column][vc_column width=&#8220;1\/3&#8243; css=&#8220;.vc_custom_1543311084849{padding-left: 20px !important;}&#8220;][vc_custom_heading text=&#8220;<strong>Leidenschaft<\/strong><br \/>\nf\u00fcr Qualit\u00e4t.<br \/>\nStreben nach Sch\u00f6nheit.<br \/>\nEine gute Arbeit.&#8220; google_fonts=&#8220;font_family:Lato%3A100%2C100italic%2C300%2C300italic%2Cregular%2Citalic%2C700%2C700italic%2C900%2C900italic|font_style:300%20light%20regular%3A300%3Anormal&#8220; el_class=&#8220;title-light-strong&#8220;][vc_column_text el_class=&#8220;text-normal&#8220;]Werte, die die Grundlage unserer Geschichte und unseres t\u00e4glichen Gesch\u00e4fts darstellen und uns zu immer neuen und wunderbaren L\u00f6sungen f\u00fchren. Wir setzen unsere Herzen, Gedanken und die kostbare Arbeit unserer Webermeister in das, was wir tun.<\/p>\n<p><strong>\u201cEs gibt Haltungen die selbstverst\u00e4ndlich weitergereicht<br \/>\nwerden, die keiner gro\u00dfen Worte gebrauchen.<br \/>\nSo war es schon immer f\u00fcr uns.\u201d<\/strong>[\/vc_column_text][\/vc_column][\/vc_row][vc_row full_width=&#8220;stretch_row_content_no_spaces&#8220;][vc_column][\/vc_column][\/vc_row][vc_row full_width=&#8220;stretch_row_content&#8220; css=&#8220;.vc_custom_1543262900575{background-color: #f3f3f3 !important;}&#8220; el_class=&#8220;container-velo-ab&#8220;][vc_column][vc_row_inner][vc_column_inner width=&#8220;1\/2&#8243;][vc_custom_heading text=&#8220;Am Puls der Zeit.&#8220; google_fonts=&#8220;font_family:Lato%3A100%2C100italic%2C300%2C300italic%2Cregular%2Citalic%2C700%2C700italic%2C900%2C900italic|font_style:300%20light%20regular%3A300%3Anormal&#8220; el_class=&#8220;title-light-strong t-story&#8220;][\/vc_column_inner][vc_column_inner width=&#8220;1\/2&#8243;][\/vc_column_inner][\/vc_row_inner][vc_row_inner][vc_column_inner][vc_single_image image=&#8220;268&#8243; img_size=&#8220;full&#8220; alignment=&#8220;center&#8220; css=&#8220;.vc_custom_1543263050870{margin-bottom: 0px !important;}&#8220;][\/vc_column_inner][\/vc_row_inner][vc_row_inner][vc_column_inner width=&#8220;1\/2&#8243;][\/vc_column_inner][vc_column_inner el_class=&#8220;cont-r&#8220; width=&#8220;1\/2&#8243;][vc_column_text el_class=&#8220;text-normal ent&#8220;]<strong>\u201cBegeisterung die<br \/>\nin der Geschichte<br \/>\nverwurzelt ist.<\/strong><strong>\u201d<\/strong>[\/vc_column_text][\/vc_column_inner][\/vc_row_inner][\/vc_column][\/vc_row]<\/p>\n","protected":false},"excerpt":{"rendered":"<p>[vc_row full_width=&#8220;stretch_row_content_no_spaces&#8220;][vc_column][\/vc_column][\/vc_row][vc_row equal_height=&#8220;yes&#8220; el_class=&#8220;container-tradizione&#8220;][vc_column width=&#8220;5\/12&#8243;][vc_custom_heading text=&#8220;Tradition mit Blick in die Zukunft&#8220; google_fonts=&#8220;font_family:Lato%3A100%2C100italic%2C300%2C300italic%2Cregular%2Citalic%2C700%2C700italic%2C900%2C900italic|font_style:300%20light%20regular%3A300%3Anormal&#8220; el_class=&#8220;title-light-strong&#8220;][vc_column_text el_class=&#8220;text-normal&#8220;]Gegr\u00fcndet im Jahre 1895, hat sich Taborelli im Laufe der Jahrhunderte \u00fcber Grenzen, Revolutionen und Entwicklungen hinweg entfaltet, um sich von einer lokalen Seidenweberei zu einem modernen Industriegruppe zu wandeln. Heute geh\u00f6ren wir zu den gr\u00f6\u00dften europ\u00e4ischen Herstellern im Bereich der Damenoberbekleidung. [&hellip;]<\/p>\n","protected":false},"author":1,"featured_media":0,"parent":0,"menu_order":0,"comment_status":"closed","ping_status":"closed","template":"page-about.php","meta":{"footnotes":""},"acf":[],"_links":{"self":[{"href":"https:\/\/www.tessiturataborelli.it\/de\/wp-json\/wp\/v2\/pages\/762"}],"collection":[{"href":"https:\/\/www.tessiturataborelli.it\/de\/wp-json\/wp\/v2\/pages"}],"about":[{"href":"https:\/\/www.tessiturataborelli.it\/de\/wp-json\/wp\/v2\/types\/page"}],"author":[{"embeddable":true,"href":"https:\/\/www.tessiturataborelli.it\/de\/wp-json\/wp\/v2\/users\/1"}],"replies":[{"embeddable":true,"href":"https:\/\/www.tessiturataborelli.it\/de\/wp-json\/wp\/v2\/comments?post=762"}],"version-history":[{"count":18,"href":"https:\/\/www.tessiturataborelli.it\/de\/wp-json\/wp\/v2\/pages\/762\/revisions"}],"predecessor-version":[{"id":2425,"href":"https:\/\/www.tessiturataborelli.it\/de\/wp-json\/wp\/v2\/pages\/762\/revisions\/2425"}],"wp:attachment":[{"href":"https:\/\/www.tessiturataborelli.it\/de\/wp-json\/wp\/v2\/media?parent=762"}],"curies":[{"name":"wp","href":"https:\/\/api.w.org\/{rel}","templated":true}]}}