{"id":780,"date":"2018-11-26T16:40:32","date_gmt":"2018-11-26T16:40:32","guid":{"rendered":"http:\/\/www.tessiturataborelli.it\/network\/"},"modified":"2019-03-08T13:43:18","modified_gmt":"2019-03-08T13:43:18","slug":"network","status":"publish","type":"page","link":"https:\/\/www.tessiturataborelli.it\/de\/network\/","title":{"rendered":"Network"},"content":{"rendered":"<p>[vc_row full_width=&#8220;stretch_row_content_no_spaces&#8220;][vc_column]<link href=\"https:\/\/fonts.googleapis.com\/css?family=Open+Sans:400\" rel=\"stylesheet\" property=\"stylesheet\" type=\"text\/css\" media=\"all\">\n<div id=\"rev_slider_8_1_wrapper\" class=\"rev_slider_wrapper fullwidthbanner-container\" data-source=\"gallery\" style=\"margin:0px auto;background:transparent;padding:0px;margin-top:0px;margin-bottom:0px;\">\n<!-- START REVOLUTION SLIDER 5.4.7.4 auto mode -->\n\t<div id=\"rev_slider_8_1\" class=\"rev_slider fullwidthabanner\" style=\"display:none;\" data-version=\"5.4.7.4\">\n<ul>\t<!-- SLIDE  -->\n\t<li data-index=\"rs-8\" data-transition=\"fade\" data-slotamount=\"default\" data-hideafterloop=\"0\" data-hideslideonmobile=\"off\"  data-easein=\"default\" data-easeout=\"default\" data-masterspeed=\"300\"  data-rotate=\"0\"  data-saveperformance=\"off\"  data-title=\"Slide\" data-param1=\"\" data-param2=\"\" data-param3=\"\" data-param4=\"\" data-param5=\"\" data-param6=\"\" data-param7=\"\" data-param8=\"\" data-param9=\"\" data-param10=\"\" data-description=\"\">\n\t\t<!-- MAIN IMAGE -->\n\t\t<img loading=\"lazy\" decoding=\"async\" src=\"https:\/\/www.tessiturataborelli.it\/wp-content\/uploads\/2018\/12\/network-header.jpg\"  alt=\"\" title=\"network-header\"  width=\"1920\" height=\"971\" data-bgposition=\"center center\" data-bgfit=\"cover\" data-bgrepeat=\"no-repeat\" data-bgparallax=\"1\" class=\"rev-slidebg\" data-no-retina>\n\t\t<!-- LAYERS -->\n\n\t\t<!-- LAYER NR. 1 -->\n\t\t<div class=\"tp-caption   tp-resizeme  title-header-pg-int\" \n\t\t\t id=\"slide-8-layer-1\" \n\t\t\t data-x=\"100\" \n\t\t\t data-y=\"center\" data-voffset=\"\" \n\t\t\t\t\t\tdata-width=\"['auto']\"\n\t\t\tdata-height=\"['auto']\"\n \n\t\t\tdata-type=\"text\" \n\t\t\tdata-responsive_offset=\"on\" \n\n\t\t\tdata-frames='[{\"delay\":790,\"speed\":3020,\"frame\":\"0\",\"from\":\"opacity:0;\",\"to\":\"o:1;\",\"ease\":\"Power3.easeInOut\"},{\"delay\":\"wait\",\"speed\":300,\"frame\":\"999\",\"to\":\"opacity:0;\",\"ease\":\"Power3.easeInOut\"}]'\n\t\t\tdata-textAlign=\"['inherit','inherit','inherit','inherit']\"\n\t\t\tdata-paddingtop=\"[0,0,0,0]\"\n\t\t\tdata-paddingright=\"[0,0,0,0]\"\n\t\t\tdata-paddingbottom=\"[0,0,0,0]\"\n\t\t\tdata-paddingleft=\"[0,0,0,0]\"\n\n\t\t\tstyle=\"z-index: 5; white-space: nowrap; font-size: 70px; line-height: 22px; font-weight: 400; color: #ffffff; letter-spacing: 0px;font-family:\"atrsem\" !important;\">network <\/div>\n\t<\/li>\n<\/ul>\n<div class=\"tp-bannertimer tp-bottom\" style=\"visibility: hidden !important;\"><\/div>\t<\/div>\n<script>var htmlDiv = document.getElementById(\"rs-plugin-settings-inline-css\"); var htmlDivCss=\"\";\n\t\t\t\tif(htmlDiv) {\n\t\t\t\t\thtmlDiv.innerHTML = htmlDiv.innerHTML + htmlDivCss;\n\t\t\t\t}else{\n\t\t\t\t\tvar htmlDiv = document.createElement(\"div\");\n\t\t\t\t\thtmlDiv.innerHTML = \"<style>\" + htmlDivCss + \"<\/style>\";\n\t\t\t\t\tdocument.getElementsByTagName(\"head\")[0].appendChild(htmlDiv.childNodes[0]);\n\t\t\t\t}\n\t\t\t<\/script>\n\t\t<script type=\"text\/javascript\">\nif (setREVStartSize!==undefined) setREVStartSize(\n\t{c: '#rev_slider_8_1', gridwidth: [1240], gridheight: [868], sliderLayout: 'auto'});\n\t\t\t\nvar revapi8,\n\ttpj;\t\n(function() {\t\t\t\n\tif (!\/loaded|interactive|complete\/.test(document.readyState)) document.addEventListener(\"DOMContentLoaded\",onLoad); else onLoad();\t\n\tfunction onLoad() {\t\t\t\t\n\t\tif (tpj===undefined) { tpj = jQuery; if(\"off\" == \"on\") tpj.noConflict();}\n\tif(tpj(\"#rev_slider_8_1\").revolution == undefined){\n\t\trevslider_showDoubleJqueryError(\"#rev_slider_8_1\");\n\t}else{\n\t\trevapi8 = tpj(\"#rev_slider_8_1\").show().revolution({\n\t\t\tsliderType:\"standard\",\n\t\t\tjsFileLocation:\"\/\/www.tessiturataborelli.it\/wp-content\/plugins\/revslider\/public\/assets\/js\/\",\n\t\t\tsliderLayout:\"auto\",\n\t\t\tdottedOverlay:\"none\",\n\t\t\tdelay:9000,\n\t\t\tnavigation: {\n\t\t\t\tonHoverStop:\"off\",\n\t\t\t},\n\t\t\tvisibilityLevels:[1240,1024,778,480],\n\t\t\tgridwidth:1240,\n\t\t\tgridheight:868,\n\t\t\tlazyType:\"none\",\n\t\t\tparallax: {\n\t\t\t\ttype:\"mouse\",\n\t\t\t\torigo:\"enterpoint\",\n\t\t\t\tspeed:400,\n\t\t\t\tspeedbg:0,\n\t\t\t\tspeedls:0,\n\t\t\t\tlevels:[5,10,15,20,25,30,35,40,45,46,47,48,49,50,51,55],\n\t\t\t},\n\t\t\tshadow:0,\n\t\t\tspinner:\"spinner0\",\n\t\t\tstopLoop:\"off\",\n\t\t\tstopAfterLoops:-1,\n\t\t\tstopAtSlide:-1,\n\t\t\tshuffle:\"off\",\n\t\t\tautoHeight:\"off\",\n\t\t\tdisableProgressBar:\"on\",\n\t\t\thideThumbsOnMobile:\"off\",\n\t\t\thideSliderAtLimit:0,\n\t\t\thideCaptionAtLimit:0,\n\t\t\thideAllCaptionAtLilmit:0,\n\t\t\tdebugMode:false,\n\t\t\tfallbacks: {\n\t\t\t\tsimplifyAll:\"off\",\n\t\t\t\tnextSlideOnWindowFocus:\"off\",\n\t\t\t\tdisableFocusListener:false,\n\t\t\t}\n\t\t});\n\t}; \/* END OF revapi call *\/\n\t\n }; \/* END OF ON LOAD FUNCTION *\/\n}()); \/* END OF WRAPPING FUNCTION *\/\n<\/script>\n\t\t<\/div><!-- END REVOLUTION SLIDER -->[\/vc_column][\/vc_row][vc_row equal_height=&#8220;yes&#8220; el_class=&#8220;container-tradizione&#8220;][vc_column width=&#8220;5\/12&#8243;][vc_custom_heading text=&#8220;<strong>Ein Netzwerk<\/strong><br \/>\nf\u00fcr Geschwindigkeit,<br \/>\nZuverl\u00e4ssigkeit und R\u00fcckverfolgbarkeit.&#8220; google_fonts=&#8220;font_family:Lato%3A100%2C100italic%2C300%2C300italic%2Cregular%2Citalic%2C700%2C700italic%2C900%2C900italic|font_style:300%20light%20regular%3A300%3Anormal&#8220; el_class=&#8220;title-light-strong&#8220;][vc_column_text el_class=&#8220;text-normal&#8220;]Wir arbeiten eng mit unseren Partnern zusammen um unsere Arbeitsweise st\u00e4ndig zu verbessern.<\/p>\n<p>Nur so ist k\u00f6nnen wir garantiert alle Kundenw\u00fcnsche erf\u00fcllen, insbesondere wenn es sich um gro\u00dfe Mengen oder besondere Veredelungen handelt mit kurzen Lieferzeiten.<\/p>\n<p><strong>\u201cVom Spinnen der Garne bis zur Veredelung des Stoffes, Sie befinden sich in Expertenh\u00e4nden.\u201d<\/strong>[\/vc_column_text][\/vc_column][vc_column width=&#8220;7\/12&#8243;][vc_single_image image=&#8220;310&#8243; img_size=&#8220;full&#8220; css=&#8220;.vc_custom_1544537411646{margin-bottom: 0px !important;}&#8220;][\/vc_column][\/vc_row][vc_row full_width=&#8220;stretch_row_content_no_spaces&#8220; equal_height=&#8220;yes&#8220; el_class=&#8220;container-galley-network&#8220;][vc_column width=&#8220;1\/3&#8243; css=&#8220;.vc_custom_1544543979769{background-image: url(http:\/\/www.tessiturataborelli.it\/wp-content\/uploads\/2018\/12\/network-img-1.jpg?id=316) !important;}&#8220; el_class=&#8220;box-image-net&#8220;][\/vc_column][vc_column width=&#8220;1\/3&#8243; css=&#8220;.vc_custom_1544543983522{background-image: url(http:\/\/www.tessiturataborelli.it\/wp-content\/uploads\/2018\/12\/network-img-2.jpg?id=317) !important;}&#8220; el_class=&#8220;box-image-net&#8220;][\/vc_column][vc_column width=&#8220;1\/6&#8243; css=&#8220;.vc_custom_1544544092878{background-image: url(http:\/\/www.tessiturataborelli.it\/wp-content\/uploads\/2018\/12\/network-img-4.jpg?id=318) !important;}&#8220; el_class=&#8220;box-image-net&#8220;][\/vc_column][vc_column width=&#8220;1\/6&#8243; css=&#8220;.vc_custom_1544543990871{background-image: url(http:\/\/www.tessiturataborelli.it\/wp-content\/uploads\/2018\/12\/network-image-5.jpg?id=319) !important;}&#8220; el_class=&#8220;box-image-net&#8220;][\/vc_column][\/vc_row][vc_row full_width=&#8220;stretch_row&#8220; equal_height=&#8220;yes&#8220; el_class=&#8220;container-forza&#8220; css=&#8220;.vc_custom_1544536865038{background-image: url(http:\/\/www.tessiturataborelli.it\/wp-content\/uploads\/2018\/12\/Livello-87.jpg?id=308) !important;}&#8220;][vc_column width=&#8220;7\/12&#8243;][\/vc_column][vc_column width=&#8220;5\/12&#8243;][vc_custom_heading text=&#8220;<strong>la NOSTRA FORZA <\/strong><br \/>\nF\u00fcr Sie arbeiten wir in enger<br \/>\nZusammenarbeit mit unseren Partnern.&#8220; google_fonts=&#8220;font_family:Lato%3A100%2C100italic%2C300%2C300italic%2Cregular%2Citalic%2C700%2C700italic%2C900%2C900italic|font_style:300%20light%20regular%3A300%3Anormal&#8220; el_class=&#8220;title-light-strong&#8220;][vc_column_text el_class=&#8220;text-normal&#8220;]Wir arbeiten eng mit unseren Partnern zusammen um unsere Arbeitsweise st\u00e4ndig zu verbessern.<\/p>\n<p>Nur so ist k\u00f6nnen wir garantiert alle Kundenw\u00fcnsche erf\u00fcllen, insbesondere wenn es sich um gro\u00dfe Mengen oder besondere Veredelungen handelt mit kurzen Lieferzeiten.<\/p>\n<p><strong>\u201cVom Spinnen der Garne bis zur Veredelung des Stoffes, Sie befinden sich in Expertenh\u00e4nden.\u201d<\/strong>[\/vc_column_text][\/vc_column][\/vc_row][vc_row full_width=&#8220;stretch_row_content_no_spaces&#8220; el_class=&#8220;filo&#8220; css=&#8220;.vc_custom_1542380289894{background-image: url(http:\/\/www.tessiturataborelli.it\/wp-content\/uploads\/2018\/11\/fili1.png?id=109) !important;}&#8220;][vc_column][\/vc_column][\/vc_row][vc_row full_width=&#8220;stretch_row_content_no_spaces&#8220;][vc_column][\/vc_column][\/vc_row][vc_row full_width=&#8220;stretch_row&#8220; el_class=&#8220;container-partners&#8220;][vc_column width=&#8220;1\/2&#8243;][vc_custom_heading text=&#8220;i nostri partners&#8220; use_theme_fonts=&#8220;yes&#8220; el_class=&#8220;title-partners&#8220;][vc_row_inner el_class=&#8220;container-all-partners&#8220;][vc_column_inner width=&#8220;1\/2&#8243;][vc_column_text]<strong>TORCITURA LEI TSU<\/strong><br \/>\nist Italiens gr\u00f6\u00dfter Hersteller f\u00fcr Polyesterund Cuprogarne.<\/p>\n<p><strong>TOT<\/strong><br \/>\nverkauft verschiedenste Garnarten, von unverarbeiteten bis gef\u00e4rbten Garn. Bereits erh\u00e4ltlich ab 1 kg bis zu 1000 kg pro Farbe, alles auf Lager.<\/p>\n<p><strong>La Tintoria<\/strong><br \/>\n<strong>Ambrogio Pessina<\/strong><br \/>\nist eine der modernsten F\u00e4rbereien in Italien. Sie sind in der Lage, alle Arten von Garnen mit h\u00f6chster Pr\u00e4zision und absoluter Reproduzierbarkeit der von Ihnen gew\u00fcnschten Farbe herzustellen. Dies ist dem neuen, hocheffizienten und bestens ausgestatteten Labor zu verdanken, das in Zusammenarbeit mit Tintoria Portichetto betrieben wird.<\/p>\n<p><strong>G.T. 2000<\/strong><br \/>\nist eine Teilstrahlsch\u00e4rmaschine, die in der Lage ist jegliche Art von Ketten zu sch\u00e4ren. Sie ist spezialisiert auf die Verarbeitung von Filamentgarnen ab 20 Denier wie zum Beispiel Nylon, Seide, Viskose, Elastomer und alle<br \/>\nArten von Acetaten.[\/vc_column_text][\/vc_column_inner][vc_column_inner width=&#8220;1\/2&#8243;][vc_column_text]<strong>M.D.P s.r.l<\/strong><br \/>\nSpezialisiert auf Designs f\u00fcr garngef\u00e4rbte Stoffe f\u00fcr Krawatten, Kleidung und Einrichtungsgegenst\u00e4nden und erf\u00fcllt dabei alle Anforderungen in der Textildesignindustrie.<\/p>\n<p><strong>Finisscomo<\/strong><br \/>\nist ein Unternehmen, das sich auf die Verarbeitung, Behandlung und Veredelung aller Arten von Stoffen spezialisiert hat. Dekatieren, Polieren, Chintz-Finish, Transfer und Laserdruck sind nur einige<br \/>\nder vielen Behandlungen und Veredelungen, die wir anbieten.<\/p>\n<p><strong>Tintoria ILTEP s.r.l.<\/strong><br \/>\nSpezialist f\u00fcr die Veredelung von Web- und Wirkwaren f\u00fcr formelle sowie Freizeitkleidung.<\/p>\n<p><strong>Iride s.r.l.<\/strong><br \/>\nF\u00e4rberei und Veredelungsanlage spezialisiert auf F\u00e4rben von Geweben mit gemischten Fasern (Seide, Leinen, Baumwolle, Viskose, etc.) verleiht Geweben den besonderen Glanz und Touch.[\/vc_column_text][\/vc_column_inner][\/vc_row_inner][\/vc_column][vc_column width=&#8220;1\/2&#8243;][\/vc_column][\/vc_row][vc_row css=&#8220;.vc_custom_1545122873298{margin-top: -75px !important;margin-bottom: 50px !important;}&#8220;][vc_column offset=&#8220;vc_hidden-lg vc_hidden-md vc_hidden-sm&#8220;][vc_single_image image=&#8220;311&#8243; img_size=&#8220;large&#8220; alignment=&#8220;center&#8220;][\/vc_column][\/vc_row]<\/p>\n","protected":false},"excerpt":{"rendered":"<p>[vc_row full_width=&#8220;stretch_row_content_no_spaces&#8220;][vc_column][\/vc_column][\/vc_row][vc_row equal_height=&#8220;yes&#8220; el_class=&#8220;container-tradizione&#8220;][vc_column width=&#8220;5\/12&#8243;][vc_custom_heading text=&#8220;Ein Netzwerk f\u00fcr Geschwindigkeit, Zuverl\u00e4ssigkeit und R\u00fcckverfolgbarkeit.&#8220; google_fonts=&#8220;font_family:Lato%3A100%2C100italic%2C300%2C300italic%2Cregular%2Citalic%2C700%2C700italic%2C900%2C900italic|font_style:300%20light%20regular%3A300%3Anormal&#8220; el_class=&#8220;title-light-strong&#8220;][vc_column_text el_class=&#8220;text-normal&#8220;]Wir arbeiten eng mit unseren Partnern zusammen um unsere Arbeitsweise st\u00e4ndig zu verbessern. Nur so ist k\u00f6nnen wir garantiert alle Kundenw\u00fcnsche erf\u00fcllen, insbesondere wenn es sich um gro\u00dfe Mengen oder besondere Veredelungen handelt mit kurzen Lieferzeiten. \u201cVom Spinnen der Garne bis [&hellip;]<\/p>\n","protected":false},"author":1,"featured_media":0,"parent":0,"menu_order":0,"comment_status":"closed","ping_status":"closed","template":"","meta":{"footnotes":""},"acf":[],"_links":{"self":[{"href":"https:\/\/www.tessiturataborelli.it\/de\/wp-json\/wp\/v2\/pages\/780"}],"collection":[{"href":"https:\/\/www.tessiturataborelli.it\/de\/wp-json\/wp\/v2\/pages"}],"about":[{"href":"https:\/\/www.tessiturataborelli.it\/de\/wp-json\/wp\/v2\/types\/page"}],"author":[{"embeddable":true,"href":"https:\/\/www.tessiturataborelli.it\/de\/wp-json\/wp\/v2\/users\/1"}],"replies":[{"embeddable":true,"href":"https:\/\/www.tessiturataborelli.it\/de\/wp-json\/wp\/v2\/comments?post=780"}],"version-history":[{"count":4,"href":"https:\/\/www.tessiturataborelli.it\/de\/wp-json\/wp\/v2\/pages\/780\/revisions"}],"predecessor-version":[{"id":1088,"href":"https:\/\/www.tessiturataborelli.it\/de\/wp-json\/wp\/v2\/pages\/780\/revisions\/1088"}],"wp:attachment":[{"href":"https:\/\/www.tessiturataborelli.it\/de\/wp-json\/wp\/v2\/media?parent=780"}],"curies":[{"name":"wp","href":"https:\/\/api.w.org\/{rel}","templated":true}]}}