{"id":797,"date":"2018-11-26T16:40:47","date_gmt":"2018-11-26T16:40:47","guid":{"rendered":"http:\/\/www.tessiturataborelli.it\/qualita\/"},"modified":"2023-09-28T15:06:29","modified_gmt":"2023-09-28T15:06:29","slug":"qualitaet","status":"publish","type":"page","link":"https:\/\/www.tessiturataborelli.it\/de\/qualitaet\/","title":{"rendered":"Qualit\u00e4t"},"content":{"rendered":"<p>[vc_row full_width=&#8220;stretch_row_content_no_spaces&#8220; el_class=&#8220;header-division&#8220;][vc_column]<link href=\"https:\/\/fonts.googleapis.com\/css?family=Open+Sans:400\" rel=\"stylesheet\" property=\"stylesheet\" type=\"text\/css\" media=\"all\">\n<div id=\"rev_slider_9_1_wrapper\" class=\"rev_slider_wrapper fullwidthbanner-container\" data-source=\"gallery\" style=\"margin:0px auto;background:transparent;padding:0px;margin-top:0px;margin-bottom:0px;\">\n<!-- START REVOLUTION SLIDER 5.4.7.4 auto mode -->\n\t<div id=\"rev_slider_9_1\" class=\"rev_slider fullwidthabanner\" style=\"display:none;\" data-version=\"5.4.7.4\">\n<ul>\t<!-- SLIDE  -->\n\t<li data-index=\"rs-49\" data-transition=\"fade\" data-slotamount=\"default\" data-hideafterloop=\"0\" data-hideslideonmobile=\"off\"  data-easein=\"default\" data-easeout=\"default\" data-masterspeed=\"300\"  data-rotate=\"0\"  data-saveperformance=\"off\"  data-title=\"Slide\" data-param1=\"\" data-param2=\"\" data-param3=\"\" data-param4=\"\" data-param5=\"\" data-param6=\"\" data-param7=\"\" data-param8=\"\" data-param9=\"\" data-param10=\"\" data-description=\"\">\n\t\t<!-- MAIN IMAGE -->\n\t\t<img loading=\"lazy\" decoding=\"async\" src=\"https:\/\/www.tessiturataborelli.it\/wp-content\/uploads\/2018\/12\/quality-header.jpg\"  alt=\"\" title=\"quality-header\"  width=\"1920\" height=\"1004\" data-bgposition=\"center center\" data-bgfit=\"cover\" data-bgrepeat=\"no-repeat\" data-bgparallax=\"1\" class=\"rev-slidebg\" data-no-retina>\n\t\t<!-- LAYERS -->\n\n\t\t<!-- LAYER NR. 1 -->\n\t\t<div class=\"tp-caption   tp-resizeme  title-header-pg-int\" \n\t\t\t id=\"slide-49-layer-1\" \n\t\t\t data-x=\"100\" \n\t\t\t data-y=\"center\" data-voffset=\"\" \n\t\t\t\t\t\tdata-width=\"['auto']\"\n\t\t\tdata-height=\"['auto']\"\n \n\t\t\tdata-type=\"text\" \n\t\t\tdata-responsive_offset=\"on\" \n\n\t\t\tdata-frames='[{\"delay\":790,\"speed\":3020,\"frame\":\"0\",\"from\":\"opacity:0;\",\"to\":\"o:1;\",\"ease\":\"Power3.easeInOut\"},{\"delay\":\"wait\",\"speed\":300,\"frame\":\"999\",\"to\":\"opacity:0;\",\"ease\":\"Power3.easeInOut\"}]'\n\t\t\tdata-textAlign=\"['inherit','inherit','inherit','inherit']\"\n\t\t\tdata-paddingtop=\"[0,0,0,0]\"\n\t\t\tdata-paddingright=\"[0,0,0,0]\"\n\t\t\tdata-paddingbottom=\"[0,0,0,0]\"\n\t\t\tdata-paddingleft=\"[0,0,0,0]\"\n\n\t\t\tstyle=\"z-index: 5; white-space: nowrap; font-size: 70px; line-height: 22px; font-weight: 400; color: #ffffff; letter-spacing: 0px;font-family:\"atrsem\" !important;\">qualit\u00e4t <\/div>\n\t<\/li>\n<\/ul>\n<div class=\"tp-bannertimer tp-bottom\" style=\"visibility: hidden !important;\"><\/div>\t<\/div>\n<script>var htmlDiv = document.getElementById(\"rs-plugin-settings-inline-css\"); var htmlDivCss=\"\";\n\t\t\t\tif(htmlDiv) {\n\t\t\t\t\thtmlDiv.innerHTML = htmlDiv.innerHTML + htmlDivCss;\n\t\t\t\t}else{\n\t\t\t\t\tvar htmlDiv = document.createElement(\"div\");\n\t\t\t\t\thtmlDiv.innerHTML = \"<style>\" + htmlDivCss + \"<\/style>\";\n\t\t\t\t\tdocument.getElementsByTagName(\"head\")[0].appendChild(htmlDiv.childNodes[0]);\n\t\t\t\t}\n\t\t\t<\/script>\n\t\t<script type=\"text\/javascript\">\nif (setREVStartSize!==undefined) setREVStartSize(\n\t{c: '#rev_slider_9_1', gridwidth: [1240], gridheight: [868], sliderLayout: 'auto'});\n\t\t\t\nvar revapi9,\n\ttpj;\t\n(function() {\t\t\t\n\tif (!\/loaded|interactive|complete\/.test(document.readyState)) document.addEventListener(\"DOMContentLoaded\",onLoad); else onLoad();\t\n\tfunction onLoad() {\t\t\t\t\n\t\tif (tpj===undefined) { tpj = jQuery; if(\"off\" == \"on\") tpj.noConflict();}\n\tif(tpj(\"#rev_slider_9_1\").revolution == undefined){\n\t\trevslider_showDoubleJqueryError(\"#rev_slider_9_1\");\n\t}else{\n\t\trevapi9 = tpj(\"#rev_slider_9_1\").show().revolution({\n\t\t\tsliderType:\"standard\",\n\t\t\tjsFileLocation:\"\/\/www.tessiturataborelli.it\/wp-content\/plugins\/revslider\/public\/assets\/js\/\",\n\t\t\tsliderLayout:\"auto\",\n\t\t\tdottedOverlay:\"none\",\n\t\t\tdelay:9000,\n\t\t\tnavigation: {\n\t\t\t\tonHoverStop:\"off\",\n\t\t\t},\n\t\t\tvisibilityLevels:[1240,1024,778,480],\n\t\t\tgridwidth:1240,\n\t\t\tgridheight:868,\n\t\t\tlazyType:\"none\",\n\t\t\tparallax: {\n\t\t\t\ttype:\"mouse\",\n\t\t\t\torigo:\"enterpoint\",\n\t\t\t\tspeed:400,\n\t\t\t\tspeedbg:0,\n\t\t\t\tspeedls:0,\n\t\t\t\tlevels:[5,10,15,20,25,30,35,40,45,46,47,48,49,50,51,55],\n\t\t\t},\n\t\t\tshadow:0,\n\t\t\tspinner:\"spinner0\",\n\t\t\tstopLoop:\"off\",\n\t\t\tstopAfterLoops:-1,\n\t\t\tstopAtSlide:-1,\n\t\t\tshuffle:\"off\",\n\t\t\tautoHeight:\"off\",\n\t\t\tdisableProgressBar:\"on\",\n\t\t\thideThumbsOnMobile:\"off\",\n\t\t\thideSliderAtLimit:0,\n\t\t\thideCaptionAtLimit:0,\n\t\t\thideAllCaptionAtLilmit:0,\n\t\t\tdebugMode:false,\n\t\t\tfallbacks: {\n\t\t\t\tsimplifyAll:\"off\",\n\t\t\t\tnextSlideOnWindowFocus:\"off\",\n\t\t\t\tdisableFocusListener:false,\n\t\t\t}\n\t\t});\n\t}; \/* END OF revapi call *\/\n\t\n }; \/* END OF ON LOAD FUNCTION *\/\n}()); \/* END OF WRAPPING FUNCTION *\/\n<\/script>\n\t\t<\/div><!-- END REVOLUTION SLIDER -->[\/vc_column][\/vc_row][vc_row][vc_column width=&#8220;1\/2&#8243;][vc_custom_heading text=&#8220;<strong>Geschmeidig<br \/>\nwie<br \/>\nSeide<\/strong>&#8220; google_fonts=&#8220;font_family:Lato%3A100%2C100italic%2C300%2C300italic%2Cregular%2Citalic%2C700%2C700italic%2C900%2C900italic|font_style:300%20light%20regular%3A300%3Anormal&#8220; el_class=&#8220;title-light-strong&#8220;][\/vc_column][vc_column width=&#8220;1\/2&#8243;][\/vc_column][\/vc_row][vc_row full_width=&#8220;stretch_row&#8220; el_class=&#8220;container-text-top-div&#8220;][vc_column width=&#8220;1\/2&#8243;][vc_column_text el_class=&#8220;text-normal&#8220;]Qualit\u00e4t die wir von unseren Gr\u00fcndern geerbt haben, die Heute wie Gestern durch alle Gesch\u00e4ftsebenen f\u00fchrt, und stets Spitzenleistung und originelle Kreationen garantiert.<\/p>\n<p>Wir wenden eine strenge Qualit\u00e4tspolitik sowohl intern als auch extern an und kontrollieren, testen und \u00fcberwachen jede Produktionsstufe mit Sorgfalt.[\/vc_column_text][vc_column_text el_class=&#8220;text-normal&#8220;]<strong>\u201cWenn Sie einen unserer Stoffe verwenden,<br \/>\nwollen wir, dass alles glatt verl\u00e4uft:<br \/>\ngeschmeidig wie Seide.\u201d<\/strong>[\/vc_column_text][\/vc_column][vc_column width=&#8220;1\/2&#8243;][\/vc_column][\/vc_row][vc_row full_width=&#8220;stretch_row_content_no_spaces&#8220; equal_height=&#8220;yes&#8220;][vc_column][\/vc_column][\/vc_row][vc_row][vc_column][vc_column_text el_class=&#8220;text-normal text-gallery&#8220;]<strong>Effizienz und Nachhaltigkeit, anpassbare Strukturen<br \/>\n<\/strong><strong>und Systeme, immer auf dem neusten Standart<br \/>\n<\/strong><strong>f\u00fcr Sicherheit und Gesundheit am Arbeitsplatz.<\/strong>[\/vc_column_text][\/vc_column][\/vc_row][vc_row full_width=&#8220;stretch_row_content_no_spaces&#8220; el_class=&#8220;filo-division&#8220; css=&#8220;.vc_custom_1550681191454{margin-top: 50px !important;margin-bottom: 50px !important;background-image: url(http:\/\/www.tessiturataborelli.it\/wp-content\/uploads\/2018\/11\/filo-2.png?id=125) !important;}&#8220;][vc_column][\/vc_column][\/vc_row][vc_row full_width=&#8220;stretch_row_content&#8220; equal_height=&#8220;yes&#8220; el_class=&#8220;container-ico-femm container-skies&#8220; css=&#8220;.vc_custom_1544626819445{margin-bottom: 0px !important;background-image: url(http:\/\/www.tessiturataborelli.it\/wp-content\/uploads\/2018\/12\/skies.jpg?id=325) !important;}&#8220;][vc_column][vc_custom_heading text=&#8220;Gesundheit, Sicherheit, Umwelt und nachhaltige Entwicklung.&#8220; font_container=&#8220;tag:h2|text_align:center&#8220; google_fonts=&#8220;font_family:Lato%3A100%2C100italic%2C300%2C300italic%2Cregular%2Citalic%2C700%2C700italic%2C900%2C900italic|font_style:300%20light%20regular%3A300%3Anormal&#8220; el_class=&#8220;title-salute&#8220;][vc_row_inner][vc_column_inner width=&#8220;1\/4&#8243;][vc_single_image image=&#8220;361&#8243; img_size=&#8220;full&#8220; alignment=&#8220;center&#8220; el_class=&#8220;ico-home&#8220;][vc_column_text el_class=&#8220;counter-home&#8220;]420.000 kwh[\/vc_column_text][vc_column_text el_class=&#8220;text-ico&#8220;]Energieeinsparung durch die Verwendung von Solarmodulen (400.000 kWh), die von den Anlagen in Par\u00e8 und Montano Lucino eigens produziert und fast vollst\u00e4ndig verbraucht werden.[\/vc_column_text][\/vc_column_inner][vc_column_inner width=&#8220;1\/4&#8243;][vc_single_image image=&#8220;362&#8243; img_size=&#8220;full&#8220; alignment=&#8220;center&#8220; el_class=&#8220;ico-home&#8220;][vc_column_text el_class=&#8220;counter-home&#8220;]1000 mq[\/vc_column_text][vc_column_text el_class=&#8220;text-ico&#8220;]R\u00fcckgewinnung der von den Webst\u00fchlen erzeugten W\u00e4rme, um \u00fcber 1000 m\u00b2 Lagerfl\u00e4che zu heizen.[\/vc_column_text][\/vc_column_inner][vc_column_inner width=&#8220;1\/4&#8243;][vc_single_image image=&#8220;363&#8243; img_size=&#8220;full&#8220; alignment=&#8220;center&#8220; el_class=&#8220;ico-home&#8220;][vc_column_text el_class=&#8220;counter-home&#8220;]Hocheffizient[\/vc_column_text][vc_column_text el_class=&#8220;text-ico&#8220;]Und noch einmal: wir ersetzen \u00e4ltere Webst\u00fchle durch energieeffiziente Maschinen der n\u00e4chsten Generation.[\/vc_column_text][\/vc_column_inner][vc_column_inner width=&#8220;1\/4&#8243;][vc_single_image image=&#8220;364&#8243; img_size=&#8220;full&#8220; alignment=&#8220;center&#8220; el_class=&#8220;ico-home&#8220;][vc_column_text el_class=&#8220;counter-home&#8220;]350.000 kWh[\/vc_column_text][vc_column_text el_class=&#8220;text-ico&#8220;]Verwendung von Ger\u00e4ten mit LED-Beleuchtung f\u00fcr eine j\u00e4hrliche Ersparnis von 350.000 kWh.[\/vc_column_text][\/vc_column_inner][vc_column_inner width=&#8220;1\/4&#8243;][vc_single_image image=&#8220;365&#8243; img_size=&#8220;full&#8220; alignment=&#8220;center&#8220; el_class=&#8220;ico-home&#8220;][vc_column_text el_class=&#8220;counter-home&#8220;]Geringe Auswirkung[\/vc_column_text][vc_column_text el_class=&#8220;text-ico&#8220;]Circa 240 Tonnen CO2 die nicht in die Umwelt freigesetzt werden, entsprechen in etwa j\u00e4hrlich 590 neugepflanzten B\u00e4umen.[\/vc_column_text][\/vc_column_inner][\/vc_row_inner][\/vc_column][\/vc_row][vc_row full_width=&#8220;stretch_row&#8220; equal_height=&#8220;yes&#8220; disable_element=&#8220;yes&#8220; css=&#8220;.vc_custom_1695913587782{margin-bottom: 15px !important;background-image: url(http:\/\/www.tessiturataborelli.it\/wp-content\/uploads\/2018\/12\/bg-qulaity-bt.jpg?id=328) !important;}&#8220; el_class=&#8220;bg-cut-white&#8220;][vc_column width=&#8220;1\/2&#8243;][vc_custom_heading text=&#8220;<strong>forschung<br \/>\nund entwicklung<\/strong><br \/>\nTapfere Weber,<br \/>\nPioniere neuer Materialien.&#8220; google_fonts=&#8220;font_family:Lato%3A100%2C100italic%2C300%2C300italic%2Cregular%2Citalic%2C700%2C700italic%2C900%2C900italic|font_style:300%20light%20regular%3A300%3Anormal&#8220; el_class=&#8220;title-light-strong&#8220;][vc_column_text el_class=&#8220;text-normal&#8220;]Unsere Entwicklung im Laufe der Jahre, immer bereit neuen Herausforderungen des Marktes entgegenzutreten, stets auf dem neuesten technologischen Stand und der Visionen von Modesch\u00f6pfern.<\/p>\n<p>Unsere Designer und Techniker arbeiten t\u00e4glich an neuen, \u00e4sthetischen Produktionsl\u00f6sungen. Diese Einstellung inspiriert uns, die neuesten Trends zu erkennen und ihre Anwendung auf industrieller Ebene zu erproben,\u00a0mit dem Einsatz von modernsten Materialien immer im Fokus. Wir waren die ersten, die Newlife-Garn (hergestellt aus Plastikflaschen) industriell verwendeten. Orange Fiber (aus Orangenschalen hergestelltes Garn) kommt ebenso intensiv zum Einsatz.[\/vc_column_text][vc_column_text el_class=&#8220;text-normal&#8220;]<strong>Bei Taborelli\u00a0<\/strong><strong>werden Prozesse\u00a0<\/strong><strong>und Dienstleistungen\u00a0<\/strong><strong>die den Kunden\u00a0<\/strong><strong>betreffen ebenso\u00a0<\/strong><strong>im Bereich der\u00a0<\/strong><strong>Forschung und\u00a0<\/strong><strong>Entwicklung\u00a0<\/strong><strong>eingebunden,\u00a0<\/strong><strong>mit dem Ziel\u00a0<\/strong><strong>Abl\u00e4ufe effizienter\u00a0<\/strong><strong>zu gestalten.<\/strong>[\/vc_column_text][vc_single_image image=&#8220;330&#8243; img_size=&#8220;full&#8220;][vc_column_text el_class=&#8220;cont-ico-proc&#8220;]<img loading=\"lazy\" decoding=\"async\" class=\"alignnone wp-image-343 size-full\" src=\"http:\/\/www.tessiturataborelli.it\/wp-content\/uploads\/2018\/12\/arancia.png\" alt=\"\" width=\"97\" height=\"70\" \/>\u00a0 Orange Fiber[\/vc_column_text][vc_column_text el_class=&#8220;cont-ico-proc&#8220;]<img loading=\"lazy\" decoding=\"async\" class=\"alignnone wp-image-344 size-full\" src=\"http:\/\/www.tessiturataborelli.it\/wp-content\/uploads\/2018\/12\/bottiglie.png\" alt=\"\" width=\"97\" height=\"94\" \/>\u00a0 \u00a0Newlife[\/vc_column_text][vc_column_text el_class=&#8220;cont-ico-proc&#8220;]<img loading=\"lazy\" decoding=\"async\" class=\"alignnone wp-image-345 size-full\" src=\"http:\/\/www.tessiturataborelli.it\/wp-content\/uploads\/2018\/12\/foglia.png\" alt=\"\" width=\"97\" height=\"76\" \/>\u00a0 Canapa[\/vc_column_text][vc_column_text el_class=&#8220;cont-ico-proc&#8220;]<img loading=\"lazy\" decoding=\"async\" class=\"alignnone wp-image-346 size-full\" src=\"http:\/\/www.tessiturataborelli.it\/wp-content\/uploads\/2018\/12\/ico-7.png\" alt=\"\" width=\"97\" height=\"49\" \/>\u00a0 Greencel[\/vc_column_text][vc_column_text el_class=&#8220;text-normal&#8220; css=&#8220;.vc_custom_1552046120741{margin-top: 35px !important;}&#8220;]<strong>&#8230;sind einige der innovativen Materialien, die wir f\u00fcr unsere neuesten,<br \/>\n<\/strong><strong>weiterentwickelten und zukunftssicheren Produkte verwenden.<\/strong>[\/vc_column_text][\/vc_column][vc_column width=&#8220;1\/2&#8243; el_class=&#8220;cut-flex-img-quality&#8220;][vc_column_text el_class=&#8220;text-normal text-ricerca-single&#8220;]<strong>Forschung und Entwicklung.<\/strong><br \/>\n<strong>Und \u00fcber allem: Experimentieren.<\/strong>[\/vc_column_text][\/vc_column][\/vc_row]<\/p>\n","protected":false},"excerpt":{"rendered":"<p>[vc_row full_width=&#8220;stretch_row_content_no_spaces&#8220; el_class=&#8220;header-division&#8220;][vc_column][\/vc_column][\/vc_row][vc_row][vc_column width=&#8220;1\/2&#8243;][vc_custom_heading text=&#8220;Geschmeidig wie Seide&#8220; google_fonts=&#8220;font_family:Lato%3A100%2C100italic%2C300%2C300italic%2Cregular%2Citalic%2C700%2C700italic%2C900%2C900italic|font_style:300%20light%20regular%3A300%3Anormal&#8220; el_class=&#8220;title-light-strong&#8220;][\/vc_column][vc_column width=&#8220;1\/2&#8243;][\/vc_column][\/vc_row][vc_row full_width=&#8220;stretch_row&#8220; el_class=&#8220;container-text-top-div&#8220;][vc_column width=&#8220;1\/2&#8243;][vc_column_text el_class=&#8220;text-normal&#8220;]Qualit\u00e4t die wir von unseren Gr\u00fcndern geerbt haben, die Heute wie Gestern durch alle Gesch\u00e4ftsebenen f\u00fchrt, und stets Spitzenleistung und originelle Kreationen garantiert. Wir wenden eine strenge Qualit\u00e4tspolitik sowohl intern als auch extern an und kontrollieren, testen und \u00fcberwachen jede Produktionsstufe mit [&hellip;]<\/p>\n","protected":false},"author":1,"featured_media":0,"parent":0,"menu_order":0,"comment_status":"closed","ping_status":"closed","template":"","meta":{"footnotes":""},"acf":[],"_links":{"self":[{"href":"https:\/\/www.tessiturataborelli.it\/de\/wp-json\/wp\/v2\/pages\/797"}],"collection":[{"href":"https:\/\/www.tessiturataborelli.it\/de\/wp-json\/wp\/v2\/pages"}],"about":[{"href":"https:\/\/www.tessiturataborelli.it\/de\/wp-json\/wp\/v2\/types\/page"}],"author":[{"embeddable":true,"href":"https:\/\/www.tessiturataborelli.it\/de\/wp-json\/wp\/v2\/users\/1"}],"replies":[{"embeddable":true,"href":"https:\/\/www.tessiturataborelli.it\/de\/wp-json\/wp\/v2\/comments?post=797"}],"version-history":[{"count":5,"href":"https:\/\/www.tessiturataborelli.it\/de\/wp-json\/wp\/v2\/pages\/797\/revisions"}],"predecessor-version":[{"id":1949,"href":"https:\/\/www.tessiturataborelli.it\/de\/wp-json\/wp\/v2\/pages\/797\/revisions\/1949"}],"wp:attachment":[{"href":"https:\/\/www.tessiturataborelli.it\/de\/wp-json\/wp\/v2\/media?parent=797"}],"curies":[{"name":"wp","href":"https:\/\/api.w.org\/{rel}","templated":true}]}}