{"id":889,"date":"2018-11-14T11:25:41","date_gmt":"2018-11-14T11:25:41","guid":{"rendered":"http:\/\/www.tessiturataborelli.it\/privacy-policy\/"},"modified":"2018-11-14T11:25:41","modified_gmt":"2018-11-14T11:25:41","slug":"privacy-policy","status":"publish","type":"page","link":"https:\/\/www.tessiturataborelli.it\/de\/privacy-policy\/","title":{"rendered":"Privacy Policy"},"content":{"rendered":"<p>[vc_row css=&#8220;.vc_custom_1545319586440{margin-top: 110px !important;margin-bottom: 70px !important;}&#8220;][vc_column][vc_row_inner][vc_column_inner][vc_custom_heading text=&#8220;INFORMATIVA PRIVACY E COOKIES<br \/>\nAI SENSI DEL REGOLAMENTO UE 2016\/679.&#8220; use_theme_fonts=&#8220;yes&#8220; el_class=&#8220;title-light-strong&#8220;][vc_column_text]<\/p>\n<div class=\"address\">\n<p><em>Titolare del trattamento \u00e8 <\/em><\/p>\n<h3><strong>TESSITURATABORELLI<\/strong><\/h3>\n<\/div>\n<p>[\/vc_column_text][\/vc_column_inner][\/vc_row_inner][vc_column_text]<\/p>\n<p>La navigazione sul presente Sito Web \u2013 <strong>tessiturataborelli.it<\/strong> \u2013 (di seguito \u201cil Sito\u201d) rappresenta un flusso di informazioni; pertanto, la presente informativa e, in generale, le norme sulla Privacy (in particolare il Regolamento UE 2016\/679) Le permette di capire meglio quali dati raccogliamo, perch\u00e9 li raccogliamo e come li utilizziamo. Sono informazioni molto importanti, che ci servono per avere il Suo consenso libero ed espresso al trattamento dei dati che ci comunica e, pertanto, la presente informativa deve essere letta e compresa con la massima attenzione.<\/p>\n<p>Per quanto riguarda l\u2019utilizzo dei nostri servizi da parte degli utenti, la presente informativa serve a chiarire in che modo utilizziamo le informazioni e illustrare le modalit\u00e0 con cui gli utenti possono proteggere la loro privacy. La presente informativa illustra:<\/p>\n<ul>\n<li>Tipologia di dati raccolti e finalit\u00e0<\/li>\n<li>Modalit\u00e0 di utilizzo dei dati raccolti<\/li>\n<li>Diritti dell\u2019interessato (modalit\u00e0 di accesso e aggiornamento delle informazioni)<\/li>\n<\/ul>\n<p>&nbsp;<\/p>\n<p><strong>MODALITA\u2019 DI RACCOLTA DEI DATI<\/strong><\/p>\n<p>A \u2013 Dati forniti dall\u2019utente: alcuni dei servizi offerti dal nostro Sito Web richiedono la creazione di un account e la successiva autenticazione quali Utenti Registrati; durante la registrazione vengono richieste informazioni personali (quali nome, cognome, indirizzo e-mail, numero di telefono e\/o carte di credito\/paypall da associare all\u2019account dell\u2019utente).<\/p>\n<p>B \u2013 Dati raccolti dall\u2019utilizzo dei nostri servizi da parte dell\u2019Utente: possiamo raccogliere informazioni sui servizi visualizzati e\/o utilizzati dall\u2019Utente, nonch\u00e9 sulla modalit\u00e0 di utilizzo (ad esempio quando l\u2019Utente interagisce con i nostri contenuti); tali informazioni comprendono:<\/p>\n<ul>\n<li>Informazioni sul dispositivo: vengono raccolte informazioni specifiche sul dispositivo (quali ad esempio il modello del computer, la versione del sistema operativo, l\u2019identificatore univoco del dispositivo, etc.);<\/li>\n<li>Informazioni sui log: durante l\u2019utilizzo da parte dell\u2019Utente dei servizi del Sito Web o la visualizzazione dei contenuti ivi presenti, raccogliamo e memorizziamo automaticamente alcune informazioni nei log dei server (quali ad esempio i dati sulla modalit\u00e0 di utilizzo del nostro servizio, indirizzo di protocollo Internet, cookie che potrebbero identificare in modo univoco il browser o l\u2019account dell\u2019Utente, etc.);<\/li>\n<li>Dati sulla posizione: quando un Utente registrato utilizza i servizi del Sito Web potremmo raccogliere ed elaborare informazioni sulla sua posizione (indirizzi IP, GPS e\/o altri sensori che potrebbero fornire informazioni sui dispositivi);<\/li>\n<li>Numeri di applicazione univoci: alcuni servizi hanno un numero di applicazione univoco; il numero e le informazioni sull\u2019installazione (ad esempio il tipo di sistema operativo e il numero di versione dell\u2019applicazione) possono essere inviati al Sito Web al momento dell\u2019installazione\/disinstallazione del prodotto o quando, ad esempio, vengono effettuati gli aggiornamenti automatici;<\/li>\n<li>Conservazione locale: il Sito Web potrebbe raccogliere e memorizzare dati (compresi dati personali) localmente sul dispositivo utilizzando meccanismi quali l\u2019archiviazione web tramite browser e cache di dati delle applicazioni;<\/li>\n<li>Cookie e tecnologie simili: il nostro Sito Web utilizza diverse tecnologie per raccogliere e memorizzare informazioni quando viene visitato un nostro servizio, che potrebbe prevedere l\u2019utilizzo di cookie e\/o tecnologie simili per identificare il browser o il dispositivo dell\u2019utente; utilizziamo queste tecnologie anche per raccogliere e memorizzare informazioni quando l\u2019Utente interagisce e\/o acquista i nostri servizi e\/o i servizi dei nostri partner<\/li>\n<\/ul>\n<p>&nbsp;<\/p>\n<p><strong>FINALITA\u2019 E MODALITA\u2019 DEL TRATTAMENTO CUI SONO DESTINATI I DATI<\/strong><\/p>\n<p>I dati dell\u2019Utente raccolti da tutti i nostri servizi, saranno trattati per le seguenti finalit\u00e0:<\/p>\n<p>A \u2013 Fornire, vendere, gestire, proteggere e migliorare i servizi;<\/p>\n<p>B \u2013 Sviluppare nuovi servizi e proteggere il Sito Web e i suoi Utenti;<\/p>\n<p>C \u2013 Offrire contenuti personalizzati;<\/p>\n<p>Quando gli Utenti contattano il Sito Web, lo stesso tiene traccia di tali comunicazioni per risolvere eventuali problemi che potrebbero sorgere; pertanto, potremmo utilizzare l\u2019indirizzo e-mail dell\u2019Utente per fornire informazioni sui nostri servizi (ad esempio per comunicare cambiamenti e\/o miglioramenti).<\/p>\n<p>Il Sito Web utilizza i dati raccolti tramite i cookie e altre tecnologie per migliorare l\u2019esperienza dell\u2019Utente e la qualit\u00e0 generale dei servizi offerti; quando il Sito Web mostra annunci personalizzati per l\u2019Utente Registrato non vengono associati identificatori provenienti da cookie o da tecnologie simili relativi a dati sensibili (quali razza, religione, orientamento sessuale o salute).<\/p>\n<p>Nel caso in cui il Sito web dovesse utilizzare le informazioni personali per scopi diversi da quelli stabiliti nella presente informativa verr\u00e0 richiesto all\u2019Utente uno specifico consenso.<\/p>\n<p>Il trattamento \u00e8 svolto dal titolare e\/o dagli incaricati del trattamento ed avverr\u00e0, comunque, mediante strumenti idonei a garantire la sicurezza e la riservatezza, tramite l\u2019utilizzo di idonee procedure che evitino il rischio di perdita, accesso non autorizzato, uso illecito e diffusione.<\/p>\n<p>&nbsp;<\/p>\n<p><strong>REGISTRAZIONE AL SITO WEB<\/strong><\/p>\n<p>La registrazione al Sito Web avviene mediante creazione di un Profilo (cui \u00e8 associato un nome Utente ed una password scelta dall\u2019Utente stesso) legato all\u2019indirizzo e-mail dell\u2019Utente; il conferimento dei dati non risulta obbligatorio, ma \u00e8 strettamente essenziale per la conclusione della registrazione e per poter usufruire dei servizi riservati agli Utenti Registrati, pertanto, un eventuale rifiuto alla comunicazione di tali dati equivale all\u2019impossibilit\u00e0 di concludere la registrazione. I dati personali comunicati e non strettamente necessari alla registrazione verranno utilizzati per l\u2019analisi e la profilazione statistica, nonch\u00e9 per migliorare il servizio offerto dal Sito Web.<\/p>\n<p>&nbsp;<\/p>\n<p><strong>NEWSLETTER<\/strong><\/p>\n<p>Il Sito Web consente all\u2019Utente di rimanere costantemente aggiornato in merito a nuovi prodotti offerti, promozioni e\/o offerte mediante la comunicazione di posta elettronica dell\u2019Utente (correlata dal relativo consenso al trattamento per le finalit\u00e0 di marketing). I dati personali comunicati e non strettamente necessari alla registrazione verranno utilizzati per l\u2019analisi e la profilazione statistica, nonch\u00e9 per migliorare il servizio offerto dal Sito Web. Solo con l\u2019espresso consenso dell\u2019Utente il Sito Web potr\u00e0 utilizzare le informazioni personali fornite non obbligatorie per inviare comunicazioni promozionali personalizzate. Il conferimento dei dati per le finalit\u00e0 Marketing \u00e8 invece facoltativo: pu\u00f2, quindi, decidere di non conferire alcun dato o di negare successivamente la possibilit\u00e0 di trattare dati gi\u00e0 forniti; in tal caso, non potr\u00e0 ricevere newsletter, comunicazioni commerciali e materiale pubblicitario inerente ai servizi offerti dal Titolare.<\/p>\n<p>&nbsp;<\/p>\n<p><strong>COOKIES<\/strong><\/p>\n<p>I Cookies permettono di creare un collegamento tra il computer dell\u2019Utente, la navigazione sul Sito Web e il profilo creato dall\u2019Utente: di per s\u00e9 non hanno natura personale ma possono essere collegati a informazioni personali (dal momento che i cookies rappresentano un breve file di testo che viene inserito dal Sito Web sull\u2019hard-disk del computer dell\u2019Utente).<\/p>\n<p>I Cookies usati dal Sito Web hanno natura temporanea, ovvero non rimangono sull\u2019hard disk dell\u2019Utente una volta conclusa la sessione, infatti quando l\u2019Utente si connette e inserisce i codici identificati in suo possesso (Utente e Password), i Cookies rendono possibile il suo riconoscimento, permettendo l\u2019accesso al Servizio secondo il profilo personalizzato creato dall\u2019Utente.<\/p>\n<p>Il Sito Web utilizza anche Cookies per fini statistici di utilizzo dei servizi (in forma assolutamente anonima).<\/p>\n<p>L\u2019Utente pu\u00f2 scegliere di disabilitare la ricezione dei Cookies (impostando il suo browser), tuttavia, qualora l\u2019Utente decida di non accettare i Cookies per lui sar\u00e0 possibile continuare a visitare il Sito Web ma potrebbe non usufruire, in tutto o in parte, dei servizi ivi offerti (ad esempio non gli sar\u00e0 possibile accedere come Utente Registrato).<\/p>\n<p>Vengono, inoltre, installati automaticamente a seguito dell\u2019accesso al Sito i seguenti cookies tecnici (che non richiedono consenso):<\/p>\n<ul>\n<li>Cookies relativi ad attivit\u00e0 di salvataggio delle preferenze e ottimizzazione;<\/li>\n<li>Cookies di statistica utilizzati direttamente dal gestore del sito per raccogliere informazioni in forma aggregata.<\/li>\n<\/ul>\n<p>&nbsp;<\/p>\n<p>&nbsp;<\/p>\n<p><strong>ACCESSO AI DATI PERSONALI COMUNICATI E AGGIORNAMENTO<\/strong><\/p>\n<p>Quando un Utente registrato utilizza e\/o acquista i servizi del Sito Web, desideriamo che possa avere accesso alle sue informazioni personali: qualora le informazioni non fossero corrette, offriamo all\u2019Utente metodi per aggiornarle rapidamente o per eliminarle (salvo doverle conservare per legittime finalit\u00e0 commerciali e\/o legali).<\/p>\n<p>Il Sito Web gestisce i servizi offerti in modo da proteggere i dati dalla distruzione accidentale o dolosa; per questo motivo, dopo l\u2019eliminazione delle informazioni dai servizi del Sito Web da parte dell\u2019Utente, il Sito Web potrebbe non eliminare subito le copie rimanenti dai server e dai sistemi di back-up.<\/p>\n<p>&nbsp;<\/p>\n<p><strong>INFORMAZIONI CONDIVISE DA NOI<\/strong><\/p>\n<p>Il Sito Web fornisce a terzi i dati personali nei seguenti casi:<\/p>\n<p>A \u2013 Con il consenso dell\u2019Utente: il Sito Web, in caso di necessit\u00e0 di condivisione di dati personali sensibili, con societ\u00e0, organizzazioni e persone estranee al Sito Web stesso, richiede l\u2019autorizzazione all\u2019Utente;<\/p>\n<p>B \u2013 Ad amministratori di dominio: l\u2019amministratore di dominio e\/o i rivenditori terzi che forniscono assistenza alla fruizione del servizio all\u2019Utente hanno accesso ai dati personali e possono:<\/p>\n<ul>\n<li>Visualizzare statistiche relative all\u2019account dell\u2019Utente;<\/li>\n<li>Sospendere e\/o chiudere l\u2019account dell\u2019Utente;<\/li>\n<li>Accedere a informazioni memorizzate nell\u2019account dell\u2019Utente e\/o conservarle;<\/li>\n<li>Ricevere informazioni dell\u2019account dell\u2019Utente per rispettare una legge o una norma vigente, un procedimento legale o una richiesta governativa obbligatoria<\/li>\n<\/ul>\n<p>C \u2013 Per trattamenti esterni: il Sito Web fornisce informazioni personali ai suoi affiliati e\/o aziende e\/o persone fidate affinch\u00e9 le trattino in base alle istruzioni fornite e nel rispetto delle norme sulla Privacy applicate dal Sito Web medesimo (nonch\u00e9 nel rispetto di altre eventuali misure appropriate relative alla riservatezza e sicurezza);<\/p>\n<p>D \u2013 Per motivi legali: il Sito Web fornisce informazioni personali a societ\u00e0, organizzazioni e\/o persone che non fanno parte del team del Sito Web qualora lo stesso ritiene che l\u2019accesso, l\u2019utilizzo, la tutela o la divulgazione di tali informazioni sia necessario per:<\/p>\n<ul>\n<li>Rispettare le leggi o le norme vigenti, un procedimento giudiziario e\/o una richiesta governativa obbligatoria;<\/li>\n<li>Applicare i termini di servizio vigenti, compresi gli accertamenti in merito a potenziali violazioni;<\/li>\n<li>Rilevare, impedire o gestire attivit\u00e0 fraudolente o problemi relativi alla sicurezza o di natura tecnica;<\/li>\n<li>Tutelare i diritti, la propriet\u00e0 e\/o la sicurezza del Sito Web, dei nostri Utenti o del pubblico, come richiesto e consentito dalla Legge.<\/li>\n<\/ul>\n<p>Il Sito Web pu\u00f2 condividere informazioni che non consentono l\u2019identificazione personale con i propri partner, ad esempio per mostrare tendenze relative all\u2019utilizzo generale dei nostri servizi e\/o delle preferenze di acquisto.<\/p>\n<p>Qualora il Proprietario del Sito Web dovesse essere coinvolto in una fusione, acquisizione e\/o cessione, lo stesso continuer\u00e0 a garantire la riservatezza delle informazioni personali e comunicher\u00e0 agli Utenti interessati il trasferimento delle informazioni personali o l\u2019applicazione di norme sulla Privacy diverse da quelle qui adottate.<\/p>\n<p>&nbsp;<\/p>\n<p><strong>SICUREZZA DELLE INFORMAZIONI<\/strong><\/p>\n<p>Il Sito Web si adopera per proteggere i suoi Utenti da accessi non autorizzati alle informazioni in suo possesso e\/o dall\u2019alterazione, divulgazione, distruzione non autorizzate di tali dati; in particolare il Sito Web:<\/p>\n<ul>\n<li>Adotta una procedura di crittografia dei servizi offerti;<\/li>\n<li>Offre agli Utenti una verifica al momento dell\u2019accesso al loro account, nonch\u00e9 una funzione di Navigazione sicura;<\/li>\n<li>Esamina le prassi di raccolta, archiviazione e trattamento dei dati, comprese le misure sulla sicurezza fisica, per impedire l\u2019accesso non autorizzato ai sistemi;<\/li>\n<li>Consente l\u2019accesso alle informazioni personali soltanto ai dipendenti e\/o fornitori che devono essere a conoscenza di tali informazioni per poterle elaborare (ad esempio al momento dell\u2019acquisto di un servizio): tali soggetti rispettano rigide obbligazioni contrattuali in merito alla riservatezza e possono essere soggetti a sanzioni e\/o alla risoluzione del contratto in essere qualora non rispettassero tali obbligazioni.<\/li>\n<\/ul>\n<p>&nbsp;<\/p>\n<p><strong>LA NATURA OBBLIGATORIA O FACOLTATIVA DEL CONFERIMENTO DEI DATI<\/strong><\/p>\n<p>Il conferimento dei dati personali \u00e8 necessario per la conclusione della registrazione al Sito Web.<\/p>\n<p>Il conferimento dei dati per le finalit\u00e0 Marketing \u00e8 invece facoltativo: pu\u00f2, quindi, decidere di non conferire alcun dato o di negare successivamente la possibilit\u00e0 di trattare dati gi\u00e0 forniti; in tal caso, non potr\u00e0 ricevere newsletter, comunicazioni commerciali e materiale pubblicitario inerente ai servizi offerti dal Titolare.<\/p>\n<p>&nbsp;<\/p>\n<p>&nbsp;<\/p>\n<p><strong>CONSEGUENZE DI UN EVENTUALE RIFIUTO <\/strong><\/p>\n<p>Un eventuale rifiuto di fornire i dati personali o di acconsentire al loro trattamento, determina l\u2019impossibilit\u00e0 di concludere il processo di registrazione e\/o l\u2019acquisto dei servizi richiesti presenti sul Sito Web.<\/p>\n<p>&nbsp;<\/p>\n<p><strong>I SOGGETTI AI QUALI I DATI POSSONO ESSERE COMUNICATI<\/strong><\/p>\n<p>Laddove necessaria, la comunicazione dei dati sar\u00e0 eventualmente effettuata solo verso autorit\u00e0 competenti, soggetti di fiducia incaricati dal Titolare del Sito Web per lo svolgimento di compiti di natura tecnica e\/o organizzativa (prestazione di servizi legali, contabili, fiscali, di consulenza, etc.).<\/p>\n<p>I dati possono essere trattati da personale appositamente incaricato (personale amministrativo, addetti ai rapporti con il pubblico, addetti alla gestione dei sistemi informativi anche esterni alla societ\u00e0, personale del settore Marketing anche esterni alla societ\u00e0, stagisti, responsabili del trattamento e loro collaboratori, incaricati del settore specifico, addetti alla gestione) solo qualora il trattamento sia necessario per la corretta fruizione del servizio offerto dal Sito Web all\u2019Utente.<\/p>\n<p>I dati personali non sono soggetti a diffusione.<\/p>\n<p>&nbsp;<\/p>\n<p><strong>DIRITTI DELL\u2019INTERESSATO art 7<\/strong><\/p>\n<p>1. L&#8217;interessato ha diritto di ottenere la conferma dell&#8217;esistenza o meno di dati personali che lo riguardano, anche se non ancora registrati, e la loro comunicazione in forma intelligibile.<\/p>\n<p>2. L&#8217;interessato ha diritto di ottenere<\/p>\n<p>A &#8211; l&#8217;indicazione:<\/p>\n<p>&#8211; dell&#8217;origine dei dati personali;<\/p>\n<p>&#8211; delle finalit\u00e0 e modalit\u00e0 del trattamento;<\/p>\n<p>&#8211; della logica applicata in caso di trattamento effettuato con l&#8217;ausilio di strumenti elettronici;<\/p>\n<p>&#8211; degli estremi identificativi del titolare, dei responsabili e del rappresentante designato ai sensi dell&#8217;articolo 5, comma 2 Codice Privacy e art. 3, comma 1 GDPR 2016\/679;<\/p>\n<p>&#8211; dei soggetti o delle categorie di soggetti ai quali i dati personali possono essere comunicati o che possono venirne a conoscenza in qualit\u00e0 di rappresentante designato nel territorio dello Stato, di responsabili o incaricati.<\/p>\n<p>B &#8211; l&#8217;aggiornamento, la rettificazione ovvero, quando vi ha interesse, l&#8217;integrazione dei dati;<\/p>\n<p>C &#8211; la cancellazione, la trasformazione in forma anonima o il blocco dei dati trattati in violazione di legge, compresi quelli di cui non \u00e8 necessaria la conservazione in relazione agli scopi per i quali i dati sono stati raccolti o successivamente trattati;<\/p>\n<p>D &#8211; l&#8217;attestazione che le operazioni di cui alle lettere a) e b) sono state portate a conoscenza, anche per quanto riguarda il loro contenuto, di coloro ai quali i dati sono stati comunicati o diffusi, eccettuato il caso in cui tale adempimento si rivela impossibile o comporta un impiego di mezzi manifestamente sproporzionato rispetto al diritto tutelato.<\/p>\n<p>3. L&#8217;interessato ha diritto di opporsi, in tutto o in parte:<\/p>\n<p>a) per motivi legittimi al trattamento dei dati personali che lo riguardano, ancorch\u00e9 pertinenti allo scopo della raccolta;<\/p>\n<p>b) al trattamento di dati personali che lo riguardano a fini di invio di materiale pubblicitario o di vendita diretta o per il compimento di ricerche di mercato o di comunicazione commerciale, mediante l\u2019uso di sistemi automatizzati di chiamata senza l\u2019intervento di un operatore, mediante email e\/o mediante modalit\u00e0 di marketing tradizionali. Si fa presente che il diritto di opposizione dell\u2019interessato (esposto nel precedente punto \u201c<strong>LA NATURA OBBLIGATORIA O FACOLTATIVA DEL CONFERIMENTO DEI DATI\u201d<\/strong>) per finalit\u00e0 di marketing diretto mediante modalit\u00e0 automatizzate si estende a quelle tradizionali e che, comunque, resta salva la possibilit\u00e0 per l\u2019interessato di esercitare il diritto di opposizione anche solo in parte. Pertanto, l\u2019interessato pu\u00f2 decidere di ricevere solo comunicazioni mediante modalit\u00e0 tradizionali, ovvero solo comunicazioni automatizzate, oppure nessuna delle due tipologie di comunicazione.<\/p>\n<p>4. Ove applicabili, l\u2019interessato ha altres\u00ec i diritti di cui agli artt. 16-21 GDPR 2016\/679 (diritto di rettifica, diritto all\u2019oblio, diritto di limitazione di trattamento, diritto alla portabilit\u00e0 dei dati, diritto di opposizione), nonch\u00e9 il diritto di proporre reclamo all\u2019autorit\u00e0 di controllo (Garante Privacy)<\/p>\n<p>[\/vc_column_text][\/vc_column][\/vc_row]<\/p>\n","protected":false},"excerpt":{"rendered":"<p>[vc_row css=&#8220;.vc_custom_1545319586440{margin-top: 110px !important;margin-bottom: 70px !important;}&#8220;][vc_column][vc_row_inner][vc_column_inner][vc_custom_heading text=&#8220;INFORMATIVA PRIVACY E COOKIES AI SENSI DEL REGOLAMENTO UE 2016\/679.&#8220; use_theme_fonts=&#8220;yes&#8220; el_class=&#8220;title-light-strong&#8220;][vc_column_text] Titolare del trattamento \u00e8 TESSITURATABORELLI [\/vc_column_text][\/vc_column_inner][\/vc_row_inner][vc_column_text] La navigazione sul presente Sito Web \u2013 tessiturataborelli.it \u2013 (di seguito \u201cil Sito\u201d) rappresenta un flusso di informazioni; pertanto, la presente informativa e, in generale, le norme sulla Privacy (in particolare [&hellip;]<\/p>\n","protected":false},"author":1,"featured_media":0,"parent":0,"menu_order":0,"comment_status":"closed","ping_status":"closed","template":"","meta":{"footnotes":""},"acf":[],"_links":{"self":[{"href":"https:\/\/www.tessiturataborelli.it\/de\/wp-json\/wp\/v2\/pages\/889"}],"collection":[{"href":"https:\/\/www.tessiturataborelli.it\/de\/wp-json\/wp\/v2\/pages"}],"about":[{"href":"https:\/\/www.tessiturataborelli.it\/de\/wp-json\/wp\/v2\/types\/page"}],"author":[{"embeddable":true,"href":"https:\/\/www.tessiturataborelli.it\/de\/wp-json\/wp\/v2\/users\/1"}],"replies":[{"embeddable":true,"href":"https:\/\/www.tessiturataborelli.it\/de\/wp-json\/wp\/v2\/comments?post=889"}],"version-history":[{"count":0,"href":"https:\/\/www.tessiturataborelli.it\/de\/wp-json\/wp\/v2\/pages\/889\/revisions"}],"wp:attachment":[{"href":"https:\/\/www.tessiturataborelli.it\/de\/wp-json\/wp\/v2\/media?parent=889"}],"curies":[{"name":"wp","href":"https:\/\/api.w.org\/{rel}","templated":true}]}}