{"id":2265,"date":"2023-12-19T05:20:56","date_gmt":"2023-12-19T05:20:56","guid":{"rendered":"https:\/\/www.tessiturataborelli.it\/?page_id=2265"},"modified":"2023-12-19T05:33:54","modified_gmt":"2023-12-19T05:33:54","slug":"transparent-administration","status":"publish","type":"page","link":"https:\/\/www.tessiturataborelli.it\/es\/transparent-administration\/","title":{"rendered":"Transparent Administration"},"content":{"rendered":"<p>[vc_row full_width=\u00bbstretch_row_content\u00bb full_height=\u00bbyes\u00bb parallax=\u00bbcontent-moving\u00bb parallax_image=\u00bb2237&#8243; el_class=\u00bbcontainer-green\u00bb][vc_column css=\u00bb.vc_custom_1702785560284{background-position: center !important;background-repeat: no-repeat !important;background-size: cover !important;}\u00bb][vc_row_inner][vc_column_inner width=\u00bb1\/2&#8243;][\/vc_column_inner][vc_column_inner width=\u00bb1\/2&#8243;][vc_custom_heading text=\u00bbAdministraci\u00f3n y gesti\u00f3n transparente de informes &#8211; denuncia de irregularidades\u00bb font_container=\u00bbtag:h1|text_align:left\u00bb google_fonts=\u00bbfont_family:Lato%3A100%2C100italic%2C300%2C300italic%2Cregular%2Citalic%2C700%2C700italic%2C900%2C900italic|font_style:300%20light%20regular%3A300%3Anormal\u00bb el_class=\u00bbtitle-light-strong\u00bb][vc_custom_heading text=\u00bb<strong> Comprometida con la integridad y la transparencia <\/strong>\u00bb google_fonts=\u00bbfont_family:Lato%3A100%2C100italic%2C300%2C300italic%2Cregular%2Citalic%2C700%2C700italic%2C900%2C900italic|font_style:300%20light%20regular%3A300%3Anormal\u00bb el_class=\u00bbtitle-light-strong\u00bb][vc_column_text el_class=\u00bbtext-normal\u00bb]En Tessitura Taborelli, estamos comprometidos a mantener los m\u00e1s altos est\u00e1ndares de \u00e9tica profesional, integridad y transparencia. Reconocemos la importancia de un ambiente de trabajo seguro y justo, donde todos los empleados y colaboradores puedan sentirse libres de expresar inquietudes o denunciar comportamientos poco \u00e9ticos sin temor a represalias.[\/vc_column_text][vc_column_text el_class=\u00bbtext-normal\u00bb]<strong> \u00bfQu\u00e9 es la denuncia de irregularidades? <\/strong><br \/>\nLa denuncia de irregularidades es un importante acto de valent\u00eda y responsabilidad. Esto implica denunciar actividades ilegales, comportamientos poco \u00e9ticos, violaciones de leyes, reglamentos o pol\u00edticas de la empresa. Este sistema de informes es un elemento clave para garantizar que nuestra empresa opere con los m\u00e1s altos est\u00e1ndares \u00e9ticos y legales.[\/vc_column_text][vc_column_text el_class=\u00bbtext-normal\u00bb]<\/p>\n<p data-pm-slice=\"1 1 []\"><strong>C\u00f3mo funciona el sistema de informes<\/strong><\/p>\n<p>Este sistema est\u00e1 dise\u00f1ado para ser f\u00e1cil de usar, confidencial y, si se desea, an\u00f3nimo. Invitamos a todos los empleados, proveedores, clientes y otras partes interesadas a utilizar esta plataforma para plantear cualquier inquietud. Los informes se revisar\u00e1n de manera oportuna y profesional.[\/vc_column_text][vc_column_text el_class=\u00bbtext-normal\u00bb]<\/p>\n<p data-pm-slice=\"1 1 []\"><strong> Garant\u00eda contra represalias <\/strong><\/p>\n<p>Garantizamos que cada informe ser\u00e1 tratado con la m\u00e1xima seriedad y discreci\u00f3n. Reiteramos nuestro compromiso de no tolerar ninguna forma de represalia contra quienes informan de buena fe.[\/vc_column_text][vc_column_text el_class=\u00bbtext-normal\u00bb]<\/p>\n<p data-pm-slice=\"1 1 []\"><strong>Env\u00eda tu informe<\/strong><\/p>\n<p>Si ha observado un comportamiento que no cumple con nuestros est\u00e1ndares \u00e9ticos o legales, lo alentamos a hacer su parte y denunciarlo. Su voz es esencial para ayudarnos a mantener Tessitura Taborelli como un lugar de trabajo \u00e9tico y responsable.[\/vc_column_text][vc_btn title=\u00bbENVIAR REPORTE\u00bb link=\u00bburl:https%3A%2F%2Ftessiturataborelli.whistleblowing.it%2F%23%2F||target:%20_blank|\u00bb][\/vc_column_inner][\/vc_row_inner][\/vc_column][\/vc_row]<\/p>\n","protected":false},"excerpt":{"rendered":"<p>[vc_row full_width=\u00bbstretch_row_content\u00bb full_height=\u00bbyes\u00bb parallax=\u00bbcontent-moving\u00bb parallax_image=\u00bb2237&#8243; el_class=\u00bbcontainer-green\u00bb][vc_column css=\u00bb.vc_custom_1702785560284{background-position: center !important;background-repeat: no-repeat !important;background-size: cover !important;}\u00bb][vc_row_inner][vc_column_inner width=\u00bb1\/2&#8243;][\/vc_column_inner][vc_column_inner width=\u00bb1\/2&#8243;][vc_custom_heading text=\u00bbAdministraci\u00f3n y gesti\u00f3n transparente de informes &#8211; denuncia de irregularidades\u00bb font_container=\u00bbtag:h1|text_align:left\u00bb google_fonts=\u00bbfont_family:Lato%3A100%2C100italic%2C300%2C300italic%2Cregular%2Citalic%2C700%2C700italic%2C900%2C900italic|font_style:300%20light%20regular%3A300%3Anormal\u00bb el_class=\u00bbtitle-light-strong\u00bb][vc_custom_heading text=\u00bb Comprometida con la integridad y la transparencia \u00bb google_fonts=\u00bbfont_family:Lato%3A100%2C100italic%2C300%2C300italic%2Cregular%2Citalic%2C700%2C700italic%2C900%2C900italic|font_style:300%20light%20regular%3A300%3Anormal\u00bb el_class=\u00bbtitle-light-strong\u00bb][vc_column_text el_class=\u00bbtext-normal\u00bb]En Tessitura Taborelli, estamos comprometidos a mantener los m\u00e1s altos est\u00e1ndares de \u00e9tica profesional, integridad y [&hellip;]<\/p>\n","protected":false},"author":2,"featured_media":0,"parent":0,"menu_order":0,"comment_status":"closed","ping_status":"closed","template":"","meta":{"footnotes":""},"acf":[],"_links":{"self":[{"href":"https:\/\/www.tessiturataborelli.it\/es\/wp-json\/wp\/v2\/pages\/2265"}],"collection":[{"href":"https:\/\/www.tessiturataborelli.it\/es\/wp-json\/wp\/v2\/pages"}],"about":[{"href":"https:\/\/www.tessiturataborelli.it\/es\/wp-json\/wp\/v2\/types\/page"}],"author":[{"embeddable":true,"href":"https:\/\/www.tessiturataborelli.it\/es\/wp-json\/wp\/v2\/users\/2"}],"replies":[{"embeddable":true,"href":"https:\/\/www.tessiturataborelli.it\/es\/wp-json\/wp\/v2\/comments?post=2265"}],"version-history":[{"count":0,"href":"https:\/\/www.tessiturataborelli.it\/es\/wp-json\/wp\/v2\/pages\/2265\/revisions"}],"wp:attachment":[{"href":"https:\/\/www.tessiturataborelli.it\/es\/wp-json\/wp\/v2\/media?parent=2265"}],"curies":[{"name":"wp","href":"https:\/\/api.w.org\/{rel}","templated":true}]}}