{"id":774,"date":"2018-11-22T15:58:23","date_gmt":"2018-11-22T15:58:23","guid":{"rendered":"http:\/\/www.tessiturataborelli.it\/divisioni\/"},"modified":"2019-03-07T15:32:03","modified_gmt":"2019-03-07T15:32:03","slug":"divisiones","status":"publish","type":"page","link":"https:\/\/www.tessiturataborelli.it\/es\/divisiones\/","title":{"rendered":"Divisiones"},"content":{"rendered":"<p>[vc_row full_width=\u00bbstretch_row_content_no_spaces\u00bb el_class=\u00bbheader-division\u00bb][vc_column]\n<div id=\"rev_slider_2_1_wrapper\" class=\"rev_slider_wrapper fullwidthbanner-container\" data-source=\"gallery\" style=\"margin:0px auto;background:transparent;padding:0px;margin-top:0px;margin-bottom:0px;\">\n<!-- START REVOLUTION SLIDER 5.4.7.4 auto mode -->\n\t<div id=\"rev_slider_2_1\" class=\"rev_slider fullwidthabanner\" style=\"display:none;\" data-version=\"5.4.7.4\">\n<ul>\t<!-- SLIDE  -->\n\t<li data-index=\"rs-2\" data-transition=\"fade\" data-slotamount=\"default\" data-hideafterloop=\"0\" data-hideslideonmobile=\"off\"  data-easein=\"default\" data-easeout=\"default\" data-masterspeed=\"300\"  data-rotate=\"0\"  data-saveperformance=\"off\"  data-title=\"Slide\" data-param1=\"\" data-param2=\"\" data-param3=\"\" data-param4=\"\" data-param5=\"\" data-param6=\"\" data-param7=\"\" data-param8=\"\" data-param9=\"\" data-param10=\"\" data-description=\"\">\n\t\t<!-- MAIN IMAGE -->\n\t\t<img loading=\"lazy\" decoding=\"async\" src=\"https:\/\/www.tessiturataborelli.it\/wp-content\/uploads\/2018\/11\/velo-2.jpg\"  alt=\"\" title=\"velo-2\"  width=\"1920\" height=\"1103\" data-bgposition=\"center center\" data-bgfit=\"cover\" data-bgrepeat=\"no-repeat\" data-bgparallax=\"1\" class=\"rev-slidebg\" data-no-retina>\n\t\t<!-- LAYERS -->\n\t<\/li>\n<\/ul>\n<div class=\"tp-bannertimer tp-bottom\" style=\"visibility: hidden !important;\"><\/div>\t<\/div>\n<script>var htmlDiv = document.getElementById(\"rs-plugin-settings-inline-css\"); var htmlDivCss=\"\";\n\t\t\t\tif(htmlDiv) {\n\t\t\t\t\thtmlDiv.innerHTML = htmlDiv.innerHTML + htmlDivCss;\n\t\t\t\t}else{\n\t\t\t\t\tvar htmlDiv = document.createElement(\"div\");\n\t\t\t\t\thtmlDiv.innerHTML = \"<style>\" + htmlDivCss + \"<\/style>\";\n\t\t\t\t\tdocument.getElementsByTagName(\"head\")[0].appendChild(htmlDiv.childNodes[0]);\n\t\t\t\t}\n\t\t\t<\/script>\n\t\t<script type=\"text\/javascript\">\nif (setREVStartSize!==undefined) setREVStartSize(\n\t{c: '#rev_slider_2_1', gridwidth: [1240], gridheight: [868], sliderLayout: 'auto'});\n\t\t\t\nvar revapi2,\n\ttpj;\t\n(function() {\t\t\t\n\tif (!\/loaded|interactive|complete\/.test(document.readyState)) document.addEventListener(\"DOMContentLoaded\",onLoad); else onLoad();\t\n\tfunction onLoad() {\t\t\t\t\n\t\tif (tpj===undefined) { tpj = jQuery; if(\"off\" == \"on\") tpj.noConflict();}\n\tif(tpj(\"#rev_slider_2_1\").revolution == undefined){\n\t\trevslider_showDoubleJqueryError(\"#rev_slider_2_1\");\n\t}else{\n\t\trevapi2 = tpj(\"#rev_slider_2_1\").show().revolution({\n\t\t\tsliderType:\"standard\",\n\t\t\tjsFileLocation:\"\/\/www.tessiturataborelli.it\/wp-content\/plugins\/revslider\/public\/assets\/js\/\",\n\t\t\tsliderLayout:\"auto\",\n\t\t\tdottedOverlay:\"none\",\n\t\t\tdelay:9000,\n\t\t\tnavigation: {\n\t\t\t\tonHoverStop:\"off\",\n\t\t\t},\n\t\t\tvisibilityLevels:[1240,1024,778,480],\n\t\t\tgridwidth:1240,\n\t\t\tgridheight:868,\n\t\t\tlazyType:\"none\",\n\t\t\tparallax: {\n\t\t\t\ttype:\"mouse\",\n\t\t\t\torigo:\"enterpoint\",\n\t\t\t\tspeed:400,\n\t\t\t\tspeedbg:0,\n\t\t\t\tspeedls:0,\n\t\t\t\tlevels:[5,10,15,20,25,30,35,40,45,46,47,48,49,50,51,55],\n\t\t\t},\n\t\t\tshadow:0,\n\t\t\tspinner:\"spinner0\",\n\t\t\tstopLoop:\"off\",\n\t\t\tstopAfterLoops:-1,\n\t\t\tstopAtSlide:-1,\n\t\t\tshuffle:\"off\",\n\t\t\tautoHeight:\"off\",\n\t\t\tdisableProgressBar:\"on\",\n\t\t\thideThumbsOnMobile:\"off\",\n\t\t\thideSliderAtLimit:0,\n\t\t\thideCaptionAtLimit:0,\n\t\t\thideAllCaptionAtLilmit:0,\n\t\t\tdebugMode:false,\n\t\t\tfallbacks: {\n\t\t\t\tsimplifyAll:\"off\",\n\t\t\t\tnextSlideOnWindowFocus:\"off\",\n\t\t\t\tdisableFocusListener:false,\n\t\t\t}\n\t\t});\n\t}; \/* END OF revapi call *\/\n\t\n }; \/* END OF ON LOAD FUNCTION *\/\n}()); \/* END OF WRAPPING FUNCTION *\/\n<\/script>\n\t\t<\/div><!-- END REVOLUTION SLIDER -->[\/vc_column][\/vc_row][vc_row][vc_column][vc_custom_heading text=\u00bb<strong>El talento de la creatividad,<\/strong><br \/>\nla eficiencia de la m\u00e1quinaria.\u00bb google_fonts=\u00bbfont_family:Lato%3A100%2C100italic%2C300%2C300italic%2Cregular%2Citalic%2C700%2C700italic%2C900%2C900italic|font_style:300%20light%20regular%3A300%3Anormal\u00bb el_class=\u00bbtitle-light-strong\u00bb][\/vc_column][\/vc_row][vc_row full_width=\u00bbstretch_row\u00bb el_class=\u00bbcontainer-text-top-div\u00bb][vc_column width=\u00bb1\/2&#8243;][vc_column_text el_class=\u00bbtext-normal\u00bb]Crecidos en un territorio tradicionalmente dedicado al arte de la seda, nuestros h\u00e1biles tejedores saben c\u00f3mo obtener lo mejor de los telares y valorizar el talento de los dise\u00f1adores.<\/p>\n<p>Una creatividad original que, sin embargo, tiene sus ra\u00edces en nuestro pasado: de hecho, podemos recurrir a un gran archivo hist\u00f3rico de dibujos y de tejidos desarrollados durante m\u00e1s de 120 a\u00f1os de actividad (que estamos digitalizando).[\/vc_column_text][\/vc_column][vc_column width=\u00bb1\/2&#8243;][vc_column_text el_class=\u00bbtext-normal\u00bb]<strong>Hoy Taborelli es una combinaci\u00f3n eficiente de artesan\u00eda y\u00a0<\/strong><strong>productividad industrial: gracias a un parque de maquinaria extenso\u00a0<\/strong><strong>y actualizado, y a la red de proveedores locales, podemos entregar\u00a0<\/strong><strong>grandes vol\u00famenes en breve tiempo.<\/strong>[\/vc_column_text][\/vc_column][\/vc_row][vc_row full_width=\u00bbstretch_row_content_no_spaces\u00bb el_class=\u00bbfilo-division\u00bb css=\u00bb.vc_custom_1542962267097{background-image: url(http:\/\/www.tessiturataborelli.it\/wp-content\/uploads\/2018\/11\/filo-2.png?id=125) !important;}\u00bb][vc_column][\/vc_column][\/vc_row][vc_row][vc_column][vc_custom_heading text=\u00bb<strong>Una operatividad que toma la forma de<br \/>\ncuatro divisiones de l\u00edneas de producto:<\/strong><br \/>\ntejidos para ropa de mujer, corbatas, bufandas y decoraci\u00f3n.\u00bb google_fonts=\u00bbfont_family:Lato%3A100%2C100italic%2C300%2C300italic%2Cregular%2Citalic%2C700%2C700italic%2C900%2C900italic|font_style:300%20light%20regular%3A300%3Anormal\u00bb el_class=\u00bbtitle-light-strong min-div\u00bb][\/vc_column][\/vc_row][vc_row full_width=\u00bbstretch_row\u00bb equal_height=\u00bbyes\u00bb css=\u00bb.vc_custom_1542964520033{background-color: #e9e9e9 !important;}\u00bb el_class=\u00bbcontainer-mini-box-div\u00bb][vc_column width=\u00bb1\/4&#8243; el_class=\u00bbmini-box-division\u00bb css=\u00bb.vc_custom_1542904757167{background-image: url(http:\/\/www.tessiturataborelli.it\/wp-content\/uploads\/2018\/11\/ab-femm.jpg?id=122) !important;}\u00bb][vc_column_text]<\/p>\n<p style=\"text-align: center;\"><a href=\"http:\/\/www.tessiturataborelli.it\/es\/divisiones\/tejidos-para-ropa-femenina\/\">tejidos para<\/a><br \/>\nropa femen\u00edna<\/p>\n<p>[\/vc_column_text][\/vc_column][vc_column width=\u00bb1\/4&#8243; el_class=\u00bbmini-box-division\u00bb css=\u00bb.vc_custom_1542962744545{background-image: url(http:\/\/www.tessiturataborelli.it\/wp-content\/uploads\/2018\/11\/sciarperia.jpg?id=127) !important;}\u00bb][vc_column_text]<\/p>\n<p style=\"text-align: center;\"><a href=\"http:\/\/www.tessiturataborelli.it\/es\/divisiones\/bufandas\/\">bufandas<\/a><\/p>\n<p>[\/vc_column_text][\/vc_column][vc_column width=\u00bb1\/4&#8243; el_class=\u00bbmini-box-division\u00bb css=\u00bb.vc_custom_1542962811674{background-image: url(http:\/\/www.tessiturataborelli.it\/wp-content\/uploads\/2018\/11\/cravatteria.jpg?id=129) !important;}\u00bb][vc_column_text]<\/p>\n<p style=\"text-align: center;\"><a href=\"http:\/\/www.tessiturataborelli.it\/es\/divisiones\/corbatas\/\">corbatas<\/a><\/p>\n<p>[\/vc_column_text][\/vc_column][vc_column width=\u00bb1\/4&#8243; el_class=\u00bbmini-box-division\u00bb css=\u00bb.vc_custom_1542962782645{background-image: url(http:\/\/www.tessiturataborelli.it\/wp-content\/uploads\/2018\/11\/arredamento.jpg?id=128) !important;}\u00bb][vc_column_text]<\/p>\n<p style=\"text-align: center;\"><a href=\"http:\/\/www.tessiturataborelli.it\/es\/divisiones\/decoracion\/\">decoraci\u00f3n<\/a><\/p>\n<p>[\/vc_column_text][\/vc_column][\/vc_row][vc_row el_class=\u00bbcontainer-text-sub-min-box-div\u00bb][vc_column][vc_column_text el_class=\u00bbtext-normal\u00bb]Miles de art\u00edculos que cambian cada temporada y que representan una dedicaci\u00f3n y un compromiso familiar que nunca se interrumpe.[\/vc_column_text][vc_column_text el_class=\u00bbtext-normal sub-mini-div-bold\u00bb]\u201cAhora, en el grupo, la cuarta generaci\u00f3n de Taborelli trabaja con renovado entusiasmo y una mirada hacia el futuro&#8230;<br \/>\nla historia contin\u00faa.\u201d[\/vc_column_text][\/vc_column][\/vc_row]<\/p>\n","protected":false},"excerpt":{"rendered":"<p>[vc_row full_width=\u00bbstretch_row_content_no_spaces\u00bb el_class=\u00bbheader-division\u00bb][vc_column][\/vc_column][\/vc_row][vc_row][vc_column][vc_custom_heading text=\u00bbEl talento de la creatividad, la eficiencia de la m\u00e1quinaria.\u00bb google_fonts=\u00bbfont_family:Lato%3A100%2C100italic%2C300%2C300italic%2Cregular%2Citalic%2C700%2C700italic%2C900%2C900italic|font_style:300%20light%20regular%3A300%3Anormal\u00bb el_class=\u00bbtitle-light-strong\u00bb][\/vc_column][\/vc_row][vc_row full_width=\u00bbstretch_row\u00bb el_class=\u00bbcontainer-text-top-div\u00bb][vc_column width=\u00bb1\/2&#8243;][vc_column_text el_class=\u00bbtext-normal\u00bb]Crecidos en un territorio tradicionalmente dedicado al arte de la seda, nuestros h\u00e1biles tejedores saben c\u00f3mo obtener lo mejor de los telares y valorizar el talento de los dise\u00f1adores. Una creatividad original que, sin embargo, tiene sus [&hellip;]<\/p>\n","protected":false},"author":1,"featured_media":0,"parent":0,"menu_order":0,"comment_status":"closed","ping_status":"closed","template":"","meta":{"footnotes":""},"acf":[],"_links":{"self":[{"href":"https:\/\/www.tessiturataborelli.it\/es\/wp-json\/wp\/v2\/pages\/774"}],"collection":[{"href":"https:\/\/www.tessiturataborelli.it\/es\/wp-json\/wp\/v2\/pages"}],"about":[{"href":"https:\/\/www.tessiturataborelli.it\/es\/wp-json\/wp\/v2\/types\/page"}],"author":[{"embeddable":true,"href":"https:\/\/www.tessiturataborelli.it\/es\/wp-json\/wp\/v2\/users\/1"}],"replies":[{"embeddable":true,"href":"https:\/\/www.tessiturataborelli.it\/es\/wp-json\/wp\/v2\/comments?post=774"}],"version-history":[{"count":3,"href":"https:\/\/www.tessiturataborelli.it\/es\/wp-json\/wp\/v2\/pages\/774\/revisions"}],"predecessor-version":[{"id":893,"href":"https:\/\/www.tessiturataborelli.it\/es\/wp-json\/wp\/v2\/pages\/774\/revisions\/893"}],"wp:attachment":[{"href":"https:\/\/www.tessiturataborelli.it\/es\/wp-json\/wp\/v2\/media?parent=774"}],"curies":[{"name":"wp","href":"https:\/\/api.w.org\/{rel}","templated":true}]}}