{"id":844,"date":"2018-11-23T10:29:34","date_gmt":"2018-11-23T10:29:34","guid":{"rendered":"http:\/\/www.tessiturataborelli.it\/divisiones\/abbigliamento-femminile\/"},"modified":"2019-03-08T13:06:43","modified_gmt":"2019-03-08T13:06:43","slug":"tejidos-para-ropa-femenina","status":"publish","type":"page","link":"https:\/\/www.tessiturataborelli.it\/es\/divisiones\/tejidos-para-ropa-femenina\/","title":{"rendered":"Tejidos para ropa femen\u00edna"},"content":{"rendered":"<p>[vc_row full_width=\u00bbstretch_row_content_no_spaces\u00bb el_class=\u00bbheader-division\u00bb][vc_column]<link href=\"https:\/\/fonts.googleapis.com\/css?family=Open+Sans:400\" rel=\"stylesheet\" property=\"stylesheet\" type=\"text\/css\" media=\"all\">\n<div id=\"rev_slider_4_1_wrapper\" class=\"rev_slider_wrapper fullwidthbanner-container\" data-source=\"gallery\" style=\"margin:0px auto;background:transparent;padding:0px;margin-top:0px;margin-bottom:0px;\">\n<!-- START REVOLUTION SLIDER 5.4.7.4 auto mode -->\n\t<div id=\"rev_slider_4_1\" class=\"rev_slider fullwidthabanner\" style=\"display:none;\" data-version=\"5.4.7.4\">\n<ul>\t<!-- SLIDE  -->\n\t<li data-index=\"rs-28\" data-transition=\"fade\" data-slotamount=\"default\" data-hideafterloop=\"0\" data-hideslideonmobile=\"off\"  data-easein=\"default\" data-easeout=\"default\" data-masterspeed=\"300\"  data-rotate=\"0\"  data-saveperformance=\"off\"  data-title=\"Slide\" data-param1=\"\" data-param2=\"\" data-param3=\"\" data-param4=\"\" data-param5=\"\" data-param6=\"\" data-param7=\"\" data-param8=\"\" data-param9=\"\" data-param10=\"\" data-description=\"\">\n\t\t<!-- MAIN IMAGE -->\n\t\t<img loading=\"lazy\" decoding=\"async\" src=\"https:\/\/www.tessiturataborelli.it\/wp-content\/uploads\/2018\/11\/femm-header.jpg\"  alt=\"\" title=\"femm-header\"  width=\"1920\" height=\"1041\" data-bgposition=\"center center\" data-bgfit=\"cover\" data-bgrepeat=\"no-repeat\" data-bgparallax=\"1\" class=\"rev-slidebg\" data-no-retina>\n\t\t<!-- LAYERS -->\n\n\t\t<!-- LAYER NR. 1 -->\n\t\t<div class=\"tp-caption   tp-resizeme  title-header-pg-int\" \n\t\t\t id=\"slide-28-layer-1\" \n\t\t\t data-x=\"100\" \n\t\t\t data-y=\"center\" data-voffset=\"\" \n\t\t\t\t\t\tdata-width=\"['auto']\"\n\t\t\tdata-height=\"['auto']\"\n \n\t\t\tdata-type=\"text\" \n\t\t\tdata-responsive_offset=\"on\" \n\n\t\t\tdata-frames='[{\"delay\":790,\"speed\":3020,\"frame\":\"0\",\"from\":\"opacity:0;\",\"to\":\"o:1;\",\"ease\":\"Power3.easeInOut\"},{\"delay\":\"wait\",\"speed\":300,\"frame\":\"999\",\"to\":\"opacity:0;\",\"ease\":\"Power3.easeInOut\"}]'\n\t\t\tdata-textAlign=\"['inherit','inherit','inherit','inherit']\"\n\t\t\tdata-paddingtop=\"[0,0,0,0]\"\n\t\t\tdata-paddingright=\"[0,0,0,0]\"\n\t\t\tdata-paddingbottom=\"[0,0,0,0]\"\n\t\t\tdata-paddingleft=\"[0,0,0,0]\"\n\n\t\t\tstyle=\"z-index: 5; white-space: nowrap; font-size: 70px; line-height: 22px; font-weight: 400; color: #ffffff; letter-spacing: 0px;font-family:\"atrsem\" !important;\">tejidos para\nropa femen\u00edna <\/div>\n\t<\/li>\n<\/ul>\n<div class=\"tp-bannertimer tp-bottom\" style=\"visibility: hidden !important;\"><\/div>\t<\/div>\n<script>var htmlDiv = document.getElementById(\"rs-plugin-settings-inline-css\"); var htmlDivCss=\"\";\n\t\t\t\tif(htmlDiv) {\n\t\t\t\t\thtmlDiv.innerHTML = htmlDiv.innerHTML + htmlDivCss;\n\t\t\t\t}else{\n\t\t\t\t\tvar htmlDiv = document.createElement(\"div\");\n\t\t\t\t\thtmlDiv.innerHTML = \"<style>\" + htmlDivCss + \"<\/style>\";\n\t\t\t\t\tdocument.getElementsByTagName(\"head\")[0].appendChild(htmlDiv.childNodes[0]);\n\t\t\t\t}\n\t\t\t<\/script>\n\t\t<script type=\"text\/javascript\">\nif (setREVStartSize!==undefined) setREVStartSize(\n\t{c: '#rev_slider_4_1', gridwidth: [1240], gridheight: [868], sliderLayout: 'auto'});\n\t\t\t\nvar revapi4,\n\ttpj;\t\n(function() {\t\t\t\n\tif (!\/loaded|interactive|complete\/.test(document.readyState)) document.addEventListener(\"DOMContentLoaded\",onLoad); else onLoad();\t\n\tfunction onLoad() {\t\t\t\t\n\t\tif (tpj===undefined) { tpj = jQuery; if(\"off\" == \"on\") tpj.noConflict();}\n\tif(tpj(\"#rev_slider_4_1\").revolution == undefined){\n\t\trevslider_showDoubleJqueryError(\"#rev_slider_4_1\");\n\t}else{\n\t\trevapi4 = tpj(\"#rev_slider_4_1\").show().revolution({\n\t\t\tsliderType:\"standard\",\n\t\t\tjsFileLocation:\"\/\/www.tessiturataborelli.it\/wp-content\/plugins\/revslider\/public\/assets\/js\/\",\n\t\t\tsliderLayout:\"auto\",\n\t\t\tdottedOverlay:\"none\",\n\t\t\tdelay:9000,\n\t\t\tnavigation: {\n\t\t\t\tonHoverStop:\"off\",\n\t\t\t},\n\t\t\tvisibilityLevels:[1240,1024,778,480],\n\t\t\tgridwidth:1240,\n\t\t\tgridheight:868,\n\t\t\tlazyType:\"none\",\n\t\t\tparallax: {\n\t\t\t\ttype:\"mouse\",\n\t\t\t\torigo:\"enterpoint\",\n\t\t\t\tspeed:400,\n\t\t\t\tspeedbg:0,\n\t\t\t\tspeedls:0,\n\t\t\t\tlevels:[5,10,15,20,25,30,35,40,45,46,47,48,49,50,51,55],\n\t\t\t},\n\t\t\tshadow:0,\n\t\t\tspinner:\"spinner0\",\n\t\t\tstopLoop:\"off\",\n\t\t\tstopAfterLoops:-1,\n\t\t\tstopAtSlide:-1,\n\t\t\tshuffle:\"off\",\n\t\t\tautoHeight:\"off\",\n\t\t\tdisableProgressBar:\"on\",\n\t\t\thideThumbsOnMobile:\"off\",\n\t\t\thideSliderAtLimit:0,\n\t\t\thideCaptionAtLimit:0,\n\t\t\thideAllCaptionAtLilmit:0,\n\t\t\tdebugMode:false,\n\t\t\tfallbacks: {\n\t\t\t\tsimplifyAll:\"off\",\n\t\t\t\tnextSlideOnWindowFocus:\"off\",\n\t\t\t\tdisableFocusListener:false,\n\t\t\t}\n\t\t});\n\t}; \/* END OF revapi call *\/\n\t\n }; \/* END OF ON LOAD FUNCTION *\/\n}()); \/* END OF WRAPPING FUNCTION *\/\n<\/script>\n\t\t<\/div><!-- END REVOLUTION SLIDER -->[\/vc_column][\/vc_row][vc_row][vc_column][vc_custom_heading text=\u00bbPodemos ayudaros a definir<br \/>\n<strong>el estilo del momento.<\/strong>\u00bb google_fonts=\u00bbfont_family:Lato%3A100%2C100italic%2C300%2C300italic%2Cregular%2Citalic%2C700%2C700italic%2C900%2C900italic|font_style:300%20light%20regular%3A300%3Anormal\u00bb el_class=\u00bbtitle-light-strong\u00bb][\/vc_column][\/vc_row][vc_row full_width=\u00bbstretch_row\u00bb el_class=\u00bbcontainer-text-top-div\u00bb][vc_column width=\u00bb1\/2&#8243;][vc_column_text el_class=\u00bbtext-normal\u00bb]Vendemos exclusivamente a converters italianos y extranjeros.<br \/>\nAl mundo de la moda femenina dedicamos recursos y atenciones extraordinarias: investigaci\u00f3n est\u00e9tica, soluciones de producci\u00f3n, materiales de tendencia, tratamientos especiales e hilos innovadores.[\/vc_column_text][\/vc_column][vc_column width=\u00bb1\/2&#8243;][\/vc_column][\/vc_row][vc_row full_width=\u00bbstretch_row_content_no_spaces\u00bb el_class=\u00bbfilo-division\u00bb css=\u00bb.vc_custom_1542962267097{background-image: url(http:\/\/www.tessiturataborelli.it\/wp-content\/uploads\/2018\/11\/filo-2.png?id=125) !important;}\u00bb][vc_column][\/vc_column][\/vc_row][vc_row][vc_column][vc_column_text el_class=\u00bbour-number\u00bb]<\/p>\n<p style=\"text-align: center;\">estos son nuestros n\u00fameros<\/p>\n<p>[\/vc_column_text][\/vc_column][\/vc_row][vc_row el_class=\u00bbcontainer-ico-femm\u00bb][vc_column width=\u00bb1\/4&#8243;][vc_single_image image=\u00bb144&#8243; img_size=\u00bbfull\u00bb alignment=\u00bbcenter\u00bb el_class=\u00bbico-home\u00bb][vc_column_text el_class=\u00bbcounter-home\u00bb]2 colecciones al a\u00f1o[\/vc_column_text][vc_column_text el_class=\u00bbtext-ico\u00bb]divididas en verano e invierno.[\/vc_column_text][\/vc_column][vc_column width=\u00bb1\/4&#8243;][vc_single_image image=\u00bb145&#8243; img_size=\u00bbfull\u00bb alignment=\u00bbcenter\u00bb el_class=\u00bbico-home\u00bb][vc_column_text el_class=\u00bbcounter-home\u00bb]+ 1500[\/vc_column_text][vc_column_text el_class=\u00bbtext-ico\u00bb]muestras por temporada[\/vc_column_text][\/vc_column][vc_column width=\u00bb1\/4&#8243;][vc_single_image image=\u00bb146&#8243; img_size=\u00bbfull\u00bb alignment=\u00bbcenter\u00bb el_class=\u00bbico-home\u00bb][vc_column_text el_class=\u00bbcounter-home\u00bb]+300[\/vc_column_text][vc_column_text el_class=\u00bbtext-ico\u00bb]cartas de colores[\/vc_column_text][\/vc_column][vc_column width=\u00bb1\/4&#8243;][vc_single_image image=\u00bb147&#8243; img_size=\u00bbfull\u00bb alignment=\u00bbcenter\u00bb el_class=\u00bbico-home\u00bb][vc_column_text el_class=\u00bbcounter-home\u00bb]+400[\/vc_column_text][vc_column_text el_class=\u00bbtext-ico\u00bb]m\u00e1quinas jacquard[\/vc_column_text][\/vc_column][\/vc_row][vc_row][vc_column][vc_custom_heading text=\u00bbProducimos calidad,<br \/>\n<strong>inspiramos creatividad.<\/strong>\u00bb google_fonts=\u00bbfont_family:Lato%3A100%2C100italic%2C300%2C300italic%2Cregular%2Citalic%2C700%2C700italic%2C900%2C900italic|font_style:300%20light%20regular%3A300%3Anormal\u00bb el_class=\u00bbtitle-light-strong\u00bb][\/vc_column][\/vc_row][vc_row full_width=\u00bbstretch_row\u00bb el_class=\u00bbcontainer-text-top-div\u00bb][vc_column width=\u00bb1\/2&#8243;][vc_column_text el_class=\u00bbtext-normal\u00bb]En base a las colecciones desarrolladas por nuestros t\u00e9cnicos,<br \/>\ndamos la posibilidad de una personalizaci\u00f3n completa utilizando la variedad de nuestros hilos y colores.[\/vc_column_text][\/vc_column][vc_column width=\u00bb1\/2&#8243;][\/vc_column][\/vc_row][vc_row full_width=\u00bbstretch_row_content_no_spaces\u00bb][vc_column][\/vc_column][\/vc_row][vc_row full_width=\u00bbstretch_row\u00bb el_class=\u00bbcontainer-text-top-div femmin\u00bb][vc_column width=\u00bb1\/2&#8243;][vc_column_text el_class=\u00bbtext-normal\u00bb]<strong>\u201cSea cual sea su idea,<br \/>\nun equipo dedicado y<br \/>\nexperimentado le aconsejar\u00e1<br \/>\npara ayudarle a realizar<br \/>\nel estilo que hace<br \/>\nla diferencia.<\/strong><strong>\u201d<\/strong>[\/vc_column_text][\/vc_column][vc_column width=\u00bb1\/2&#8243;][\/vc_column][\/vc_row][vc_row][vc_column][vc_custom_heading text=\u00bb<strong>Una operatividad que toma la forma de<br \/>\ncuatro divisiones de l\u00edneas de producto:<\/strong><br \/>\ntejidos para ropa de mujer, corbatas, bufandas y decoraci\u00f3n.\u00bb google_fonts=\u00bbfont_family:Lato%3A100%2C100italic%2C300%2C300italic%2Cregular%2Citalic%2C700%2C700italic%2C900%2C900italic|font_style:300%20light%20regular%3A300%3Anormal\u00bb el_class=\u00bbtitle-light-strong min-div\u00bb][\/vc_column][\/vc_row][vc_row full_width=\u00bbstretch_row\u00bb equal_height=\u00bbyes\u00bb css=\u00bb.vc_custom_1542964520033{background-color: #e9e9e9 !important;}\u00bb el_class=\u00bbcontainer-mini-box-div\u00bb][vc_column width=\u00bb1\/4&#8243; el_class=\u00bbmini-box-division\u00bb css=\u00bb.vc_custom_1542904757167{background-image: url(http:\/\/www.tessiturataborelli.it\/wp-content\/uploads\/2018\/11\/ab-femm.jpg?id=122) !important;}\u00bb][vc_column_text]<\/p>\n<p style=\"text-align: center;\"><a href=\"http:\/\/www.tessiturataborelli.it\/es\/divisiones\/tejidos-para-ropa-femenina\/\">tejidos para<\/a><br \/>\nropa femen\u00edna<\/p>\n<p>[\/vc_column_text][\/vc_column][vc_column width=\u00bb1\/4&#8243; el_class=\u00bbmini-box-division\u00bb css=\u00bb.vc_custom_1542962744545{background-image: url(http:\/\/www.tessiturataborelli.it\/wp-content\/uploads\/2018\/11\/sciarperia.jpg?id=127) !important;}\u00bb][vc_column_text]<\/p>\n<p style=\"text-align: center;\"><a href=\"http:\/\/www.tessiturataborelli.it\/es\/divisiones\/bufandas\/\">bufandas<\/a><\/p>\n<p>[\/vc_column_text][\/vc_column][vc_column width=\u00bb1\/4&#8243; el_class=\u00bbmini-box-division\u00bb css=\u00bb.vc_custom_1542962811674{background-image: url(http:\/\/www.tessiturataborelli.it\/wp-content\/uploads\/2018\/11\/cravatteria.jpg?id=129) !important;}\u00bb][vc_column_text]<\/p>\n<p style=\"text-align: center;\"><a href=\"http:\/\/www.tessiturataborelli.it\/es\/divisiones\/corbatas\/\">corbatas<\/a><\/p>\n<p>[\/vc_column_text][\/vc_column][vc_column width=\u00bb1\/4&#8243; el_class=\u00bbmini-box-division\u00bb css=\u00bb.vc_custom_1542962782645{background-image: url(http:\/\/www.tessiturataborelli.it\/wp-content\/uploads\/2018\/11\/arredamento.jpg?id=128) !important;}\u00bb][vc_column_text]<\/p>\n<p style=\"text-align: center;\"><a href=\"http:\/\/www.tessiturataborelli.it\/es\/divisiones\/decoracion\/\">decoraci\u00f3n<\/a><\/p>\n<p>[\/vc_column_text][\/vc_column][\/vc_row][vc_row el_class=\u00bbcontainer-text-sub-min-box-div\u00bb][vc_column][vc_column_text el_class=\u00bbtext-normal\u00bb]Miles de art\u00edculos que cambian cada temporada y que representan una dedicaci\u00f3n y un compromiso familiar que nunca se interrumpe.[\/vc_column_text][vc_column_text el_class=\u00bbtext-normal sub-mini-div-bold\u00bb]\u201cAhora, en el grupo, la cuarta generaci\u00f3n de Taborelli trabaja con renovado<br \/>\nentusiasmo y una mirada hacia el futuro&#8230;<br \/>\nla historia contin\u00faa.\u201d[\/vc_column_text][\/vc_column][\/vc_row]<\/p>\n","protected":false},"excerpt":{"rendered":"<p>[vc_row full_width=\u00bbstretch_row_content_no_spaces\u00bb el_class=\u00bbheader-division\u00bb][vc_column][\/vc_column][\/vc_row][vc_row][vc_column][vc_custom_heading text=\u00bbPodemos ayudaros a definir el estilo del momento.\u00bb google_fonts=\u00bbfont_family:Lato%3A100%2C100italic%2C300%2C300italic%2Cregular%2Citalic%2C700%2C700italic%2C900%2C900italic|font_style:300%20light%20regular%3A300%3Anormal\u00bb el_class=\u00bbtitle-light-strong\u00bb][\/vc_column][\/vc_row][vc_row full_width=\u00bbstretch_row\u00bb el_class=\u00bbcontainer-text-top-div\u00bb][vc_column width=\u00bb1\/2&#8243;][vc_column_text el_class=\u00bbtext-normal\u00bb]Vendemos exclusivamente a converters italianos y extranjeros. Al mundo de la moda femenina dedicamos recursos y atenciones extraordinarias: investigaci\u00f3n est\u00e9tica, soluciones de producci\u00f3n, materiales de tendencia, tratamientos especiales e hilos innovadores.[\/vc_column_text][\/vc_column][vc_column width=\u00bb1\/2&#8243;][\/vc_column][\/vc_row][vc_row full_width=\u00bbstretch_row_content_no_spaces\u00bb el_class=\u00bbfilo-division\u00bb css=\u00bb.vc_custom_1542962267097{background-image: url(http:\/\/www.tessiturataborelli.it\/wp-content\/uploads\/2018\/11\/filo-2.png?id=125) !important;}\u00bb][vc_column][\/vc_column][\/vc_row][vc_row][vc_column][vc_column_text el_class=\u00bbour-number\u00bb] estos [&hellip;]<\/p>\n","protected":false},"author":1,"featured_media":0,"parent":774,"menu_order":0,"comment_status":"closed","ping_status":"closed","template":"","meta":{"footnotes":""},"acf":[],"_links":{"self":[{"href":"https:\/\/www.tessiturataborelli.it\/es\/wp-json\/wp\/v2\/pages\/844"}],"collection":[{"href":"https:\/\/www.tessiturataborelli.it\/es\/wp-json\/wp\/v2\/pages"}],"about":[{"href":"https:\/\/www.tessiturataborelli.it\/es\/wp-json\/wp\/v2\/types\/page"}],"author":[{"embeddable":true,"href":"https:\/\/www.tessiturataborelli.it\/es\/wp-json\/wp\/v2\/users\/1"}],"replies":[{"embeddable":true,"href":"https:\/\/www.tessiturataborelli.it\/es\/wp-json\/wp\/v2\/comments?post=844"}],"version-history":[{"count":4,"href":"https:\/\/www.tessiturataborelli.it\/es\/wp-json\/wp\/v2\/pages\/844\/revisions"}],"predecessor-version":[{"id":1066,"href":"https:\/\/www.tessiturataborelli.it\/es\/wp-json\/wp\/v2\/pages\/844\/revisions\/1066"}],"up":[{"embeddable":true,"href":"https:\/\/www.tessiturataborelli.it\/es\/wp-json\/wp\/v2\/pages\/774"}],"wp:attachment":[{"href":"https:\/\/www.tessiturataborelli.it\/es\/wp-json\/wp\/v2\/media?parent=844"}],"curies":[{"name":"wp","href":"https:\/\/api.w.org\/{rel}","templated":true}]}}