{"id":1955,"date":"2023-09-26T14:50:38","date_gmt":"2023-09-26T14:50:38","guid":{"rendered":"https:\/\/www.tessiturataborelli.it\/sustainability\/"},"modified":"2026-01-07T09:27:02","modified_gmt":"2026-01-07T09:27:02","slug":"durabilite","status":"publish","type":"page","link":"https:\/\/www.tessiturataborelli.it\/fr\/durabilite\/","title":{"rendered":"durabilit\u00e9"},"content":{"rendered":"<p>[vc_row full_width=\u00a0\u00bbstretch_row_content\u00a0\u00bb el_class=\u00a0\u00bbcontainer-green\u00a0\u00bb][vc_column width=\u00a0\u00bb1\/2&Prime;][\/vc_column][vc_column width=\u00a0\u00bb1\/2&Prime;][vc_custom_heading text=\u00a0\u00bb<strong>durabilit\u00e9 environnementale <\/strong><br \/>\nSant\u00e9, s\u00e9curit\u00e9, environnement:<br \/>\n\u00e9volution durable\u00a0\u00bb google_fonts=\u00a0\u00bbfont_family:Lato%3A100%2C100italic%2C300%2C300italic%2Cregular%2Citalic%2C700%2C700italic%2C900%2C900italic|font_style:300%20light%20regular%3A300%3Anormal\u00a0\u00bb el_class=\u00a0\u00bbtitle-light-strong\u00a0\u00bb][vc_column_text el_class=\u00a0\u00bbtext-normal\u00a0\u00bb]Combiner efficacit\u00e9 et durabilit\u00e9 avec des choix pr\u00e9cis:<br \/>\ncomment adapter les structures et les usines selon<br \/>\nles r\u00e9glementations les plus \u00e0 jour concernantes<br \/>\nla s\u00e9curit\u00e9 et le bien-\u00eatre dans les lieux de travail.[\/vc_column_text][vc_column_text el_class=\u00a0\u00bbtext-normal\u00a0\u00bb]<strong>Dans notre entreprise, chaque jour<br \/>\nnous entreprenons de faire de plus<br \/>\nen plus partag\u00e9 et concret la durabilit\u00e9<br \/>\nde la production.<\/strong>[\/vc_column_text][vc_column_text el_class=\u00a0\u00bbtext-normal\u00a0\u00bb]Voici notre dernier <strong>RAPPORT DE D\u00c9VELOPPEMENT DURABLE<\/strong><br \/>\nCe document illustre en toute transparence notre engagement<br \/>\nen mati\u00e8re environnementale et sociale.[\/vc_column_text][vc_row_inner][vc_column_inner width=\u00a0\u00bb1\/3&Prime;][vc_btn title=\u00a0\u00bbRapport de Durabilit\u00e9 2023&Prime; link=\u00a0\u00bburl:https%3A%2F%2Fwww.tessiturataborelli.it%2Freport-sostenibilita%2F|||\u00a0\u00bb][\/vc_column_inner][vc_column_inner width=\u00a0\u00bb1\/3&Prime;][vc_btn title=\u00a0\u00bbRapport de Durabilit\u00e9 2024&Prime; link=\u00a0\u00bburl:https%3A%2F%2Fwww.tessiturataborelli.it%2Freport-sostenibilita-2024%2F|||\u00a0\u00bb][\/vc_column_inner][vc_column_inner width=\u00a0\u00bb1\/3&Prime;][\/vc_column_inner][\/vc_row_inner][\/vc_column][\/vc_row]<\/p>\n","protected":false},"excerpt":{"rendered":"<p>[vc_row full_width=\u00a0\u00bbstretch_row_content\u00a0\u00bb el_class=\u00a0\u00bbcontainer-green\u00a0\u00bb][vc_column width=\u00a0\u00bb1\/2&Prime;][\/vc_column][vc_column width=\u00a0\u00bb1\/2&Prime;][vc_custom_heading text=\u00a0\u00bbdurabilit\u00e9 environnementale Sant\u00e9, s\u00e9curit\u00e9, environnement: \u00e9volution durable\u00a0\u00bb google_fonts=\u00a0\u00bbfont_family:Lato%3A100%2C100italic%2C300%2C300italic%2Cregular%2Citalic%2C700%2C700italic%2C900%2C900italic|font_style:300%20light%20regular%3A300%3Anormal\u00a0\u00bb el_class=\u00a0\u00bbtitle-light-strong\u00a0\u00bb][vc_column_text el_class=\u00a0\u00bbtext-normal\u00a0\u00bb]Combiner efficacit\u00e9 et durabilit\u00e9 avec des choix pr\u00e9cis: comment adapter les structures et les usines selon les r\u00e9glementations les plus \u00e0 jour concernantes la s\u00e9curit\u00e9 et le bien-\u00eatre dans les lieux de travail.[\/vc_column_text][vc_column_text el_class=\u00a0\u00bbtext-normal\u00a0\u00bb]Dans notre entreprise, chaque jour nous entreprenons de [&hellip;]<\/p>\n","protected":false},"author":2,"featured_media":0,"parent":0,"menu_order":0,"comment_status":"closed","ping_status":"closed","template":"","meta":{"footnotes":""},"acf":[],"_links":{"self":[{"href":"https:\/\/www.tessiturataborelli.it\/fr\/wp-json\/wp\/v2\/pages\/1955"}],"collection":[{"href":"https:\/\/www.tessiturataborelli.it\/fr\/wp-json\/wp\/v2\/pages"}],"about":[{"href":"https:\/\/www.tessiturataborelli.it\/fr\/wp-json\/wp\/v2\/types\/page"}],"author":[{"embeddable":true,"href":"https:\/\/www.tessiturataborelli.it\/fr\/wp-json\/wp\/v2\/users\/2"}],"replies":[{"embeddable":true,"href":"https:\/\/www.tessiturataborelli.it\/fr\/wp-json\/wp\/v2\/comments?post=1955"}],"version-history":[{"count":6,"href":"https:\/\/www.tessiturataborelli.it\/fr\/wp-json\/wp\/v2\/pages\/1955\/revisions"}],"predecessor-version":[{"id":2468,"href":"https:\/\/www.tessiturataborelli.it\/fr\/wp-json\/wp\/v2\/pages\/1955\/revisions\/2468"}],"wp:attachment":[{"href":"https:\/\/www.tessiturataborelli.it\/fr\/wp-json\/wp\/v2\/media?parent=1955"}],"curies":[{"name":"wp","href":"https:\/\/api.w.org\/{rel}","templated":true}]}}