{"id":2255,"date":"2023-12-19T05:32:12","date_gmt":"2023-12-19T05:32:12","guid":{"rendered":"https:\/\/www.tessiturataborelli.it\/?page_id=2255"},"modified":"2023-12-19T05:32:12","modified_gmt":"2023-12-19T05:32:12","slug":"administration-transparente","status":"publish","type":"page","link":"https:\/\/www.tessiturataborelli.it\/fr\/administration-transparente\/","title":{"rendered":"Administration transparente"},"content":{"rendered":"<p>[vc_row full_width=\u00a0\u00bbstretch_row_content\u00a0\u00bb full_height=\u00a0\u00bbyes\u00a0\u00bb parallax=\u00a0\u00bbcontent-moving\u00a0\u00bb parallax_image=\u00a0\u00bb2237&Prime; el_class=\u00a0\u00bbcontainer-green\u00a0\u00bb][vc_column css=\u00a0\u00bb.vc_custom_1702785560284{background-position: center !important;background-repeat: no-repeat !important;background-size: cover !important;}\u00a0\u00bb][vc_row_inner][vc_column_inner width=\u00a0\u00bb1\/2&Prime;][\/vc_column_inner][vc_column_inner width=\u00a0\u00bb1\/2&Prime;][vc_custom_heading text=\u00a0\u00bbAdministration et gestion transparentes des signalements &#8211; lancement d&rsquo;alerte\u00a0\u00bb font_container=\u00a0\u00bbtag:h1|text_align:left\u00a0\u00bb google_fonts=\u00a0\u00bbfont_family:Lato%3A100%2C100italic%2C300%2C300italic%2Cregular%2Citalic%2C700%2C700italic%2C900%2C900italic|font_style:300%20light%20regular%3A300%3Anormal\u00a0\u00bb el_class=\u00a0\u00bbtitle-light-strong\u00a0\u00bb][vc_custom_heading text=\u00a0\u00bb<strong> Engag\u00e9 envers l\u2019int\u00e9grit\u00e9 et la transparence  <\/strong>\u00a0\u00bb google_fonts=\u00a0\u00bbfont_family:Lato%3A100%2C100italic%2C300%2C300italic%2Cregular%2Citalic%2C700%2C700italic%2C900%2C900italic|font_style:300%20light%20regular%3A300%3Anormal\u00a0\u00bb el_class=\u00a0\u00bbtitle-light-strong\u00a0\u00bb][vc_column_text el_class=\u00a0\u00bbtext-normal\u00a0\u00bb]Chez Tessitura Taborelli, nous nous engageons \u00e0 maintenir les normes les plus \u00e9lev\u00e9es d\u2019\u00e9thique professionnelle, d\u2019int\u00e9grit\u00e9 et de transparence. Nous reconnaissons l&rsquo;importance d&rsquo;un environnement de travail s\u00fbr et \u00e9quitable, dans lequel tous les employ\u00e9s et collaborateurs peuvent se sentir libres d&rsquo;exprimer leurs pr\u00e9occupations ou de signaler un comportement contraire \u00e0 l&rsquo;\u00e9thique sans crainte de repr\u00e9sailles.[\/vc_column_text][vc_column_text el_class=\u00a0\u00bbtext-normal\u00a0\u00bb]<strong> Qu\u2019est-ce que la d\u00e9nonciation ?  <\/strong><br \/>\nLa d\u00e9nonciation est un acte important de courage et de responsabilit\u00e9. Cela implique de signaler des activit\u00e9s ill\u00e9gales, des comportements contraires \u00e0 l&rsquo;\u00e9thique, des violations des lois, des r\u00e9glementations ou des politiques de l&rsquo;entreprise. Ce syst\u00e8me de reporting est un \u00e9l\u00e9ment cl\u00e9 pour garantir que notre entreprise fonctionne conform\u00e9ment aux normes \u00e9thiques et juridiques les plus \u00e9lev\u00e9es.[\/vc_column_text][vc_column_text el_class=\u00a0\u00bbtext-normal\u00a0\u00bb]<\/p>\n<p data-pm-slice=\"1 1 []\"><strong> Comment fonctionne le syst\u00e8me de reporting <\/strong><\/p>\n<p>Ce syst\u00e8me est con\u00e7u pour \u00eatre facile \u00e0 utiliser, confidentiel et, si vous le souhaitez, anonyme. Nous invitons tous les employ\u00e9s, fournisseurs, clients et autres parties int\u00e9ress\u00e9es \u00e0 utiliser cette plateforme pour faire part de leurs pr\u00e9occupations. Les rapports seront examin\u00e9s en temps opportun et de mani\u00e8re professionnelle.[\/vc_column_text][vc_column_text el_class=\u00a0\u00bbtext-normal\u00a0\u00bb]<\/p>\n<p data-pm-slice=\"1 1 []\"><strong> Garantie de non-repr\u00e9sailles <\/strong><\/p>\n<p>Nous garantissons que chaque signalement sera trait\u00e9 avec le plus grand s\u00e9rieux et discr\u00e9tion. Nous r\u00e9it\u00e9rons notre engagement \u00e0 ne tol\u00e9rer aucune forme de repr\u00e9sailles contre ceux qui d\u00e9noncent de bonne foi.[\/vc_column_text][vc_column_text el_class=\u00a0\u00bbtext-normal\u00a0\u00bb]<\/p>\n<p data-pm-slice=\"1 1 []\"><strong> Envoyez votre rapport <\/strong><\/p>\n<p>Si vous avez observ\u00e9 un comportement non conforme \u00e0 nos normes \u00e9thiques ou juridiques, nous vous encourageons \u00e0 faire votre part et \u00e0 le signaler. Votre voix est essentielle pour nous aider \u00e0 faire de Tessitura Taborelli un lieu de travail \u00e9thique et responsable.[\/vc_column_text][vc_btn title=\u00a0\u00bbENVOYER UN RAPPORT\u00a0\u00bb link=\u00a0\u00bburl:https%3A%2F%2Ftessiturataborelli.whistleblowing.it%2F%23%2F||target:%20_blank|\u00a0\u00bb][\/vc_column_inner][\/vc_row_inner][\/vc_column][\/vc_row]<\/p>\n","protected":false},"excerpt":{"rendered":"<p>[vc_row full_width=\u00a0\u00bbstretch_row_content\u00a0\u00bb full_height=\u00a0\u00bbyes\u00a0\u00bb parallax=\u00a0\u00bbcontent-moving\u00a0\u00bb parallax_image=\u00a0\u00bb2237&Prime; el_class=\u00a0\u00bbcontainer-green\u00a0\u00bb][vc_column css=\u00a0\u00bb.vc_custom_1702785560284{background-position: center !important;background-repeat: no-repeat !important;background-size: cover !important;}\u00a0\u00bb][vc_row_inner][vc_column_inner width=\u00a0\u00bb1\/2&Prime;][\/vc_column_inner][vc_column_inner width=\u00a0\u00bb1\/2&Prime;][vc_custom_heading text=\u00a0\u00bbAdministration et gestion transparentes des signalements &#8211; lancement d&rsquo;alerte\u00a0\u00bb font_container=\u00a0\u00bbtag:h1|text_align:left\u00a0\u00bb google_fonts=\u00a0\u00bbfont_family:Lato%3A100%2C100italic%2C300%2C300italic%2Cregular%2Citalic%2C700%2C700italic%2C900%2C900italic|font_style:300%20light%20regular%3A300%3Anormal\u00a0\u00bb el_class=\u00a0\u00bbtitle-light-strong\u00a0\u00bb][vc_custom_heading text=\u00a0\u00bb Engag\u00e9 envers l\u2019int\u00e9grit\u00e9 et la transparence \u00a0\u00bb google_fonts=\u00a0\u00bbfont_family:Lato%3A100%2C100italic%2C300%2C300italic%2Cregular%2Citalic%2C700%2C700italic%2C900%2C900italic|font_style:300%20light%20regular%3A300%3Anormal\u00a0\u00bb el_class=\u00a0\u00bbtitle-light-strong\u00a0\u00bb][vc_column_text el_class=\u00a0\u00bbtext-normal\u00a0\u00bb]Chez Tessitura Taborelli, nous nous engageons \u00e0 maintenir les normes les plus \u00e9lev\u00e9es d\u2019\u00e9thique professionnelle, d\u2019int\u00e9grit\u00e9 et de [&hellip;]<\/p>\n","protected":false},"author":2,"featured_media":0,"parent":0,"menu_order":0,"comment_status":"closed","ping_status":"closed","template":"","meta":{"footnotes":""},"acf":[],"_links":{"self":[{"href":"https:\/\/www.tessiturataborelli.it\/fr\/wp-json\/wp\/v2\/pages\/2255"}],"collection":[{"href":"https:\/\/www.tessiturataborelli.it\/fr\/wp-json\/wp\/v2\/pages"}],"about":[{"href":"https:\/\/www.tessiturataborelli.it\/fr\/wp-json\/wp\/v2\/types\/page"}],"author":[{"embeddable":true,"href":"https:\/\/www.tessiturataborelli.it\/fr\/wp-json\/wp\/v2\/users\/2"}],"replies":[{"embeddable":true,"href":"https:\/\/www.tessiturataborelli.it\/fr\/wp-json\/wp\/v2\/comments?post=2255"}],"version-history":[{"count":0,"href":"https:\/\/www.tessiturataborelli.it\/fr\/wp-json\/wp\/v2\/pages\/2255\/revisions"}],"wp:attachment":[{"href":"https:\/\/www.tessiturataborelli.it\/fr\/wp-json\/wp\/v2\/media?parent=2255"}],"curies":[{"name":"wp","href":"https:\/\/api.w.org\/{rel}","templated":true}]}}