{"id":778,"date":"2018-11-26T16:40:32","date_gmt":"2018-11-26T16:40:32","guid":{"rendered":"http:\/\/www.tessiturataborelli.it\/network\/"},"modified":"2019-03-08T13:32:25","modified_gmt":"2019-03-08T13:32:25","slug":"network","status":"publish","type":"page","link":"https:\/\/www.tessiturataborelli.it\/fr\/network\/","title":{"rendered":"Network"},"content":{"rendered":"<p>[vc_row full_width=\u00a0\u00bbstretch_row_content_no_spaces\u00a0\u00bb][vc_column]<link href=\"https:\/\/fonts.googleapis.com\/css?family=Open+Sans:400\" rel=\"stylesheet\" property=\"stylesheet\" type=\"text\/css\" media=\"all\">\n<div id=\"rev_slider_8_1_wrapper\" class=\"rev_slider_wrapper fullwidthbanner-container\" data-source=\"gallery\" style=\"margin:0px auto;background:transparent;padding:0px;margin-top:0px;margin-bottom:0px;\">\n<!-- START REVOLUTION SLIDER 5.4.7.4 auto mode -->\n\t<div id=\"rev_slider_8_1\" class=\"rev_slider fullwidthabanner\" style=\"display:none;\" data-version=\"5.4.7.4\">\n<ul>\t<!-- SLIDE  -->\n\t<li data-index=\"rs-8\" data-transition=\"fade\" data-slotamount=\"default\" data-hideafterloop=\"0\" data-hideslideonmobile=\"off\"  data-easein=\"default\" data-easeout=\"default\" data-masterspeed=\"300\"  data-rotate=\"0\"  data-saveperformance=\"off\"  data-title=\"Slide\" data-param1=\"\" data-param2=\"\" data-param3=\"\" data-param4=\"\" data-param5=\"\" data-param6=\"\" data-param7=\"\" data-param8=\"\" data-param9=\"\" data-param10=\"\" data-description=\"\">\n\t\t<!-- MAIN IMAGE -->\n\t\t<img loading=\"lazy\" decoding=\"async\" src=\"https:\/\/www.tessiturataborelli.it\/wp-content\/uploads\/2018\/12\/network-header.jpg\"  alt=\"\" title=\"network-header\"  width=\"1920\" height=\"971\" data-bgposition=\"center center\" data-bgfit=\"cover\" data-bgrepeat=\"no-repeat\" data-bgparallax=\"1\" class=\"rev-slidebg\" data-no-retina>\n\t\t<!-- LAYERS -->\n\n\t\t<!-- LAYER NR. 1 -->\n\t\t<div class=\"tp-caption   tp-resizeme  title-header-pg-int\" \n\t\t\t id=\"slide-8-layer-1\" \n\t\t\t data-x=\"100\" \n\t\t\t data-y=\"center\" data-voffset=\"\" \n\t\t\t\t\t\tdata-width=\"['auto']\"\n\t\t\tdata-height=\"['auto']\"\n \n\t\t\tdata-type=\"text\" \n\t\t\tdata-responsive_offset=\"on\" \n\n\t\t\tdata-frames='[{\"delay\":790,\"speed\":3020,\"frame\":\"0\",\"from\":\"opacity:0;\",\"to\":\"o:1;\",\"ease\":\"Power3.easeInOut\"},{\"delay\":\"wait\",\"speed\":300,\"frame\":\"999\",\"to\":\"opacity:0;\",\"ease\":\"Power3.easeInOut\"}]'\n\t\t\tdata-textAlign=\"['inherit','inherit','inherit','inherit']\"\n\t\t\tdata-paddingtop=\"[0,0,0,0]\"\n\t\t\tdata-paddingright=\"[0,0,0,0]\"\n\t\t\tdata-paddingbottom=\"[0,0,0,0]\"\n\t\t\tdata-paddingleft=\"[0,0,0,0]\"\n\n\t\t\tstyle=\"z-index: 5; white-space: nowrap; font-size: 70px; line-height: 22px; font-weight: 400; color: #ffffff; letter-spacing: 0px;font-family:\"atrsem\" !important;\">network <\/div>\n\t<\/li>\n<\/ul>\n<div class=\"tp-bannertimer tp-bottom\" style=\"visibility: hidden !important;\"><\/div>\t<\/div>\n<script>var htmlDiv = document.getElementById(\"rs-plugin-settings-inline-css\"); var htmlDivCss=\"\";\n\t\t\t\tif(htmlDiv) {\n\t\t\t\t\thtmlDiv.innerHTML = htmlDiv.innerHTML + htmlDivCss;\n\t\t\t\t}else{\n\t\t\t\t\tvar htmlDiv = document.createElement(\"div\");\n\t\t\t\t\thtmlDiv.innerHTML = \"<style>\" + htmlDivCss + \"<\/style>\";\n\t\t\t\t\tdocument.getElementsByTagName(\"head\")[0].appendChild(htmlDiv.childNodes[0]);\n\t\t\t\t}\n\t\t\t<\/script>\n\t\t<script type=\"text\/javascript\">\nif (setREVStartSize!==undefined) setREVStartSize(\n\t{c: '#rev_slider_8_1', gridwidth: [1240], gridheight: [868], sliderLayout: 'auto'});\n\t\t\t\nvar revapi8,\n\ttpj;\t\n(function() {\t\t\t\n\tif (!\/loaded|interactive|complete\/.test(document.readyState)) document.addEventListener(\"DOMContentLoaded\",onLoad); else onLoad();\t\n\tfunction onLoad() {\t\t\t\t\n\t\tif (tpj===undefined) { tpj = jQuery; if(\"off\" == \"on\") tpj.noConflict();}\n\tif(tpj(\"#rev_slider_8_1\").revolution == undefined){\n\t\trevslider_showDoubleJqueryError(\"#rev_slider_8_1\");\n\t}else{\n\t\trevapi8 = tpj(\"#rev_slider_8_1\").show().revolution({\n\t\t\tsliderType:\"standard\",\n\t\t\tjsFileLocation:\"\/\/www.tessiturataborelli.it\/wp-content\/plugins\/revslider\/public\/assets\/js\/\",\n\t\t\tsliderLayout:\"auto\",\n\t\t\tdottedOverlay:\"none\",\n\t\t\tdelay:9000,\n\t\t\tnavigation: {\n\t\t\t\tonHoverStop:\"off\",\n\t\t\t},\n\t\t\tvisibilityLevels:[1240,1024,778,480],\n\t\t\tgridwidth:1240,\n\t\t\tgridheight:868,\n\t\t\tlazyType:\"none\",\n\t\t\tparallax: {\n\t\t\t\ttype:\"mouse\",\n\t\t\t\torigo:\"enterpoint\",\n\t\t\t\tspeed:400,\n\t\t\t\tspeedbg:0,\n\t\t\t\tspeedls:0,\n\t\t\t\tlevels:[5,10,15,20,25,30,35,40,45,46,47,48,49,50,51,55],\n\t\t\t},\n\t\t\tshadow:0,\n\t\t\tspinner:\"spinner0\",\n\t\t\tstopLoop:\"off\",\n\t\t\tstopAfterLoops:-1,\n\t\t\tstopAtSlide:-1,\n\t\t\tshuffle:\"off\",\n\t\t\tautoHeight:\"off\",\n\t\t\tdisableProgressBar:\"on\",\n\t\t\thideThumbsOnMobile:\"off\",\n\t\t\thideSliderAtLimit:0,\n\t\t\thideCaptionAtLimit:0,\n\t\t\thideAllCaptionAtLilmit:0,\n\t\t\tdebugMode:false,\n\t\t\tfallbacks: {\n\t\t\t\tsimplifyAll:\"off\",\n\t\t\t\tnextSlideOnWindowFocus:\"off\",\n\t\t\t\tdisableFocusListener:false,\n\t\t\t}\n\t\t});\n\t}; \/* END OF revapi call *\/\n\t\n }; \/* END OF ON LOAD FUNCTION *\/\n}()); \/* END OF WRAPPING FUNCTION *\/\n<\/script>\n\t\t<\/div><!-- END REVOLUTION SLIDER -->[\/vc_column][\/vc_row][vc_row equal_height=\u00a0\u00bbyes\u00a0\u00bb el_class=\u00a0\u00bbcontainer-tradizione\u00a0\u00bb][vc_column width=\u00a0\u00bb5\/12&Prime;][vc_custom_heading text=\u00a0\u00bb<strong>Un r\u00e9seau<\/strong><br \/>\npour vous donner rapidit\u00e9,<br \/>\nfiabilit\u00e9, tra\u00e7abilit\u00e9.\u00a0\u00bb google_fonts=\u00a0\u00bbfont_family:Lato%3A100%2C100italic%2C300%2C300italic%2Cregular%2Citalic%2C700%2C700italic%2C900%2C900italic|font_style:300%20light%20regular%3A300%3Anormal\u00a0\u00bb el_class=\u00a0\u00bbtitle-light-strong\u00a0\u00bb][vc_column_text el_class=\u00a0\u00bbtext-normal\u00a0\u00bb]Avec nos partenaires, nous am\u00e9liorons notre fa\u00e7on de travailler.<\/p>\n<p>Enfin quer que nous puissions satisfaire toutes vos demandes, m\u00eame celles qui fournissent de grandes quantit\u00e9s ou des traitements sp\u00e9ciaux, tout fait rapidement.<\/p>\n<p><strong>\u201cDe la torsion au tissu fini,<br \/>\nvous serez toujours dans des mains expertes.\u201d<\/strong>[\/vc_column_text][\/vc_column][vc_column width=\u00a0\u00bb7\/12&Prime;][vc_single_image image=\u00a0\u00bb310&Prime; img_size=\u00a0\u00bbfull\u00a0\u00bb css=\u00a0\u00bb.vc_custom_1544537411646{margin-bottom: 0px !important;}\u00a0\u00bb][\/vc_column][\/vc_row][vc_row full_width=\u00a0\u00bbstretch_row_content_no_spaces\u00a0\u00bb equal_height=\u00a0\u00bbyes\u00a0\u00bb el_class=\u00a0\u00bbcontainer-galley-network\u00a0\u00bb][vc_column width=\u00a0\u00bb1\/3&Prime; css=\u00a0\u00bb.vc_custom_1544543979769{background-image: url(http:\/\/www.tessiturataborelli.it\/wp-content\/uploads\/2018\/12\/network-img-1.jpg?id=316) !important;}\u00a0\u00bb el_class=\u00a0\u00bbbox-image-net\u00a0\u00bb][\/vc_column][vc_column width=\u00a0\u00bb1\/3&Prime; css=\u00a0\u00bb.vc_custom_1544543983522{background-image: url(http:\/\/www.tessiturataborelli.it\/wp-content\/uploads\/2018\/12\/network-img-2.jpg?id=317) !important;}\u00a0\u00bb el_class=\u00a0\u00bbbox-image-net\u00a0\u00bb][\/vc_column][vc_column width=\u00a0\u00bb1\/6&Prime; css=\u00a0\u00bb.vc_custom_1544544092878{background-image: url(http:\/\/www.tessiturataborelli.it\/wp-content\/uploads\/2018\/12\/network-img-4.jpg?id=318) !important;}\u00a0\u00bb el_class=\u00a0\u00bbbox-image-net\u00a0\u00bb][\/vc_column][vc_column width=\u00a0\u00bb1\/6&Prime; css=\u00a0\u00bb.vc_custom_1544543990871{background-image: url(http:\/\/www.tessiturataborelli.it\/wp-content\/uploads\/2018\/12\/network-image-5.jpg?id=319) !important;}\u00a0\u00bb el_class=\u00a0\u00bbbox-image-net\u00a0\u00bb][\/vc_column][\/vc_row][vc_row full_width=\u00a0\u00bbstretch_row\u00a0\u00bb equal_height=\u00a0\u00bbyes\u00a0\u00bb el_class=\u00a0\u00bbcontainer-forza\u00a0\u00bb css=\u00a0\u00bb.vc_custom_1544536865038{background-image: url(http:\/\/www.tessiturataborelli.it\/wp-content\/uploads\/2018\/12\/Livello-87.jpg?id=308) !important;}\u00a0\u00bb][vc_column width=\u00a0\u00bb7\/12&Prime;][\/vc_column][vc_column width=\u00a0\u00bb5\/12&Prime;][vc_custom_heading text=\u00a0\u00bb<strong>la NOSTRA FORZA <\/strong><br \/>\nNous travaillons ensemble<br \/>\navec nos partenaires pour vous.\u00a0\u00bb google_fonts=\u00a0\u00bbfont_family:Lato%3A100%2C100italic%2C300%2C300italic%2Cregular%2Citalic%2C700%2C700italic%2C900%2C900italic|font_style:300%20light%20regular%3A300%3Anormal\u00a0\u00bb el_class=\u00a0\u00bbtitle-light-strong\u00a0\u00bb][vc_column_text el_class=\u00a0\u00bbtext-normal\u00a0\u00bb]Avec nos partenaires, nous am\u00e9liorons notre fa\u00e7on de travailler.<\/p>\n<p>Enfin quer que nous puissions satisfaire toutes vos demandes, m\u00eame celles qui fournissent de grandes quantit\u00e9s ou des traitements sp\u00e9ciaux, tout fait rapidement.<\/p>\n<p><strong>\u201cDe la torsion au tissu fini,<br \/>\nvous serez toujours dans des mains expertes.\u201d<\/strong>[\/vc_column_text][\/vc_column][\/vc_row][vc_row full_width=\u00a0\u00bbstretch_row_content_no_spaces\u00a0\u00bb el_class=\u00a0\u00bbfilo\u00a0\u00bb css=\u00a0\u00bb.vc_custom_1542380289894{background-image: url(http:\/\/www.tessiturataborelli.it\/wp-content\/uploads\/2018\/11\/fili1.png?id=109) !important;}\u00a0\u00bb][vc_column][\/vc_column][\/vc_row][vc_row full_width=\u00a0\u00bbstretch_row_content_no_spaces\u00a0\u00bb][vc_column][\/vc_column][\/vc_row][vc_row full_width=\u00a0\u00bbstretch_row\u00a0\u00bb el_class=\u00a0\u00bbcontainer-partners\u00a0\u00bb][vc_column width=\u00a0\u00bb1\/2&Prime;][vc_custom_heading text=\u00a0\u00bbi nostri partners\u00a0\u00bb use_theme_fonts=\u00a0\u00bbyes\u00a0\u00bb el_class=\u00a0\u00bbtitle-partners\u00a0\u00bb][vc_row_inner el_class=\u00a0\u00bbcontainer-all-partners\u00a0\u00bb][vc_column_inner width=\u00a0\u00bb1\/2&Prime;][vc_column_text]<strong>TORSION LEI TSU<\/strong><br \/>\nest aujourd\u2019hui la plus grande torsion en Italie pour le fil de polyester et Cu.<\/p>\n<p><strong>TOT<\/strong><br \/>\nvend differents types de fils, \u00e0 la fois brut et des fils teints, \u00e0 partir d\u2019un minimum de 1 kg \u00e0 un maximum de 1000 kg par couleur, tous en stock service.<\/p>\n<p><strong>La Teinturerie<\/strong><br \/>\n<strong>Ambrogio Pessina<\/strong><br \/>\nest une des tenturerie les plus modernes en Italie en mesure de teindre tous les<br \/>\ntypes de fils avec une extr\u00eame pr\u00e9cision; La reproductibilit\u00e9 de la couleur requise est absolue, aussi gr\u00e2ce au nouveau, tr\u00e8s efficace et super \u00e9quip\u00e9 laboratoire en entreprise, g\u00e9r\u00e9 en collaboration avec la teinturerie de Portichetto.<\/p>\n<p><strong>G.T. 2000<\/strong><br \/>\ncapable de commander des cha\u00eenes de toute typologie. En particulier, il se sp\u00e9cialise dans le traitement de fils continus tels que 20 deniers de nylon et titrage superieur, soie, viscose, \u00e9lastom\u00e8re et tous les types d\u2019ac\u00e9tate A.T.[\/vc_column_text][\/vc_column_inner][vc_column_inner width=\u00a0\u00bb1\/2&Prime;][vc_column_text]<strong>M.D.P s.r.l<\/strong><br \/>\nse sp\u00e9cialise dans la cr\u00e9ation des dessins pour tissus en fils teints pour cravattes, \u00e9charpes, habillement et ameublement, mais en mesure de satisfaire<br \/>\ntous besoins dans le secteur de la conception textile.<\/p>\n<p><strong>Finisscomo<\/strong><br \/>\nest une soci\u00e9t\u00e9 sp\u00e9cialis\u00e9e dans le travail, le traitement et la finition de plusieurs genre de tissu. Decathisage, polissage, Kinzatura,impression de transfert et impression laser sont quelques-uns des traitements innombrables que nous avons fait.<\/p>\n<p><strong>Tintoria ILTEP s.r.l.<\/strong><br \/>\nse sp\u00e9cialise dans la teinture et la finition des tissus navette et tricot pour l\u2019usure formelle et sportive.<\/p>\n<p><strong>Iride s.r.l.<\/strong><br \/>\nteinture et finition sp\u00e9cialis\u00e9e pour les tissus en fibres m\u00e9lang\u00e9es<br \/>\n(soie, lin, coton, viscose, etc.) et dans l\u2019\u00e9tude de finition pour donner des mains specialeses aux tissus et des aspects particuliers.[\/vc_column_text][\/vc_column_inner][\/vc_row_inner][\/vc_column][vc_column width=\u00a0\u00bb1\/2&Prime;][\/vc_column][\/vc_row][vc_row css=\u00a0\u00bb.vc_custom_1545122873298{margin-top: -75px !important;margin-bottom: 50px !important;}\u00a0\u00bb][vc_column offset=\u00a0\u00bbvc_hidden-lg vc_hidden-md vc_hidden-sm\u00a0\u00bb][vc_single_image image=\u00a0\u00bb311&Prime; img_size=\u00a0\u00bblarge\u00a0\u00bb alignment=\u00a0\u00bbcenter\u00a0\u00bb][\/vc_column][\/vc_row]<\/p>\n","protected":false},"excerpt":{"rendered":"<p>[vc_row full_width=\u00a0\u00bbstretch_row_content_no_spaces\u00a0\u00bb][vc_column][\/vc_column][\/vc_row][vc_row equal_height=\u00a0\u00bbyes\u00a0\u00bb el_class=\u00a0\u00bbcontainer-tradizione\u00a0\u00bb][vc_column width=\u00a0\u00bb5\/12&Prime;][vc_custom_heading text=\u00a0\u00bbUn r\u00e9seau pour vous donner rapidit\u00e9, fiabilit\u00e9, tra\u00e7abilit\u00e9.\u00a0\u00bb google_fonts=\u00a0\u00bbfont_family:Lato%3A100%2C100italic%2C300%2C300italic%2Cregular%2Citalic%2C700%2C700italic%2C900%2C900italic|font_style:300%20light%20regular%3A300%3Anormal\u00a0\u00bb el_class=\u00a0\u00bbtitle-light-strong\u00a0\u00bb][vc_column_text el_class=\u00a0\u00bbtext-normal\u00a0\u00bb]Avec nos partenaires, nous am\u00e9liorons notre fa\u00e7on de travailler. Enfin quer que nous puissions satisfaire toutes vos demandes, m\u00eame celles qui fournissent de grandes quantit\u00e9s ou des traitements sp\u00e9ciaux, tout fait rapidement. \u201cDe la torsion au tissu fini, vous serez [&hellip;]<\/p>\n","protected":false},"author":1,"featured_media":0,"parent":0,"menu_order":0,"comment_status":"closed","ping_status":"closed","template":"","meta":{"footnotes":""},"acf":[],"_links":{"self":[{"href":"https:\/\/www.tessiturataborelli.it\/fr\/wp-json\/wp\/v2\/pages\/778"}],"collection":[{"href":"https:\/\/www.tessiturataborelli.it\/fr\/wp-json\/wp\/v2\/pages"}],"about":[{"href":"https:\/\/www.tessiturataborelli.it\/fr\/wp-json\/wp\/v2\/types\/page"}],"author":[{"embeddable":true,"href":"https:\/\/www.tessiturataborelli.it\/fr\/wp-json\/wp\/v2\/users\/1"}],"replies":[{"embeddable":true,"href":"https:\/\/www.tessiturataborelli.it\/fr\/wp-json\/wp\/v2\/comments?post=778"}],"version-history":[{"count":3,"href":"https:\/\/www.tessiturataborelli.it\/fr\/wp-json\/wp\/v2\/pages\/778\/revisions"}],"predecessor-version":[{"id":1081,"href":"https:\/\/www.tessiturataborelli.it\/fr\/wp-json\/wp\/v2\/pages\/778\/revisions\/1081"}],"wp:attachment":[{"href":"https:\/\/www.tessiturataborelli.it\/fr\/wp-json\/wp\/v2\/media?parent=778"}],"curies":[{"name":"wp","href":"https:\/\/api.w.org\/{rel}","templated":true}]}}