{"id":858,"date":"2018-11-26T10:58:15","date_gmt":"2018-11-26T10:58:15","guid":{"rendered":"http:\/\/www.tessiturataborelli.it\/divisioni\/sciarperia\/"},"modified":"2019-03-08T08:48:36","modified_gmt":"2019-03-08T08:48:36","slug":"echarpes","status":"publish","type":"page","link":"https:\/\/www.tessiturataborelli.it\/fr\/divisions\/echarpes\/","title":{"rendered":"\u00c9charpes"},"content":{"rendered":"<p>[vc_row full_width=\u00a0\u00bbstretch_row_content_no_spaces\u00a0\u00bb el_class=\u00a0\u00bbheader-division\u00a0\u00bb][vc_column]<link href=\"https:\/\/fonts.googleapis.com\/css?family=Open+Sans:400\" rel=\"stylesheet\" property=\"stylesheet\" type=\"text\/css\" media=\"all\">\n<div id=\"rev_slider_5_1_wrapper\" class=\"rev_slider_wrapper fullwidthbanner-container\" data-source=\"gallery\" style=\"margin:0px auto;background:transparent;padding:0px;margin-top:0px;margin-bottom:0px;\">\n<!-- START REVOLUTION SLIDER 5.4.7.4 auto mode -->\n\t<div id=\"rev_slider_5_1\" class=\"rev_slider fullwidthabanner\" style=\"display:none;\" data-version=\"5.4.7.4\">\n<ul>\t<!-- SLIDE  -->\n\t<li data-index=\"rs-37\" data-transition=\"fade\" data-slotamount=\"default\" data-hideafterloop=\"0\" data-hideslideonmobile=\"off\"  data-easein=\"default\" data-easeout=\"default\" data-masterspeed=\"300\"  data-rotate=\"0\"  data-saveperformance=\"off\"  data-title=\"Slide\" data-param1=\"\" data-param2=\"\" data-param3=\"\" data-param4=\"\" data-param5=\"\" data-param6=\"\" data-param7=\"\" data-param8=\"\" data-param9=\"\" data-param10=\"\" data-description=\"\">\n\t\t<!-- MAIN IMAGE -->\n\t\t<img loading=\"lazy\" decoding=\"async\" src=\"https:\/\/www.tessiturataborelli.it\/wp-content\/uploads\/2018\/11\/sciarperia-header.jpg\"  alt=\"\" title=\"sciarperia-header\"  width=\"1920\" height=\"1045\" data-bgposition=\"center center\" data-bgfit=\"cover\" data-bgrepeat=\"no-repeat\" data-bgparallax=\"1\" class=\"rev-slidebg\" data-no-retina>\n\t\t<!-- LAYERS -->\n\n\t\t<!-- LAYER NR. 1 -->\n\t\t<div class=\"tp-caption   tp-resizeme  title-header-pg-int\" \n\t\t\t id=\"slide-37-layer-1\" \n\t\t\t data-x=\"100\" \n\t\t\t data-y=\"center\" data-voffset=\"\" \n\t\t\t\t\t\tdata-width=\"['auto']\"\n\t\t\tdata-height=\"['auto']\"\n \n\t\t\tdata-type=\"text\" \n\t\t\tdata-responsive_offset=\"on\" \n\n\t\t\tdata-frames='[{\"delay\":790,\"speed\":3020,\"frame\":\"0\",\"from\":\"opacity:0;\",\"to\":\"o:1;\",\"ease\":\"Power3.easeInOut\"},{\"delay\":\"wait\",\"speed\":300,\"frame\":\"999\",\"to\":\"opacity:0;\",\"ease\":\"Power3.easeInOut\"}]'\n\t\t\tdata-textAlign=\"['inherit','inherit','inherit','inherit']\"\n\t\t\tdata-paddingtop=\"[0,0,0,0]\"\n\t\t\tdata-paddingright=\"[0,0,0,0]\"\n\t\t\tdata-paddingbottom=\"[0,0,0,0]\"\n\t\t\tdata-paddingleft=\"[0,0,0,0]\"\n\n\t\t\tstyle=\"z-index: 5; white-space: nowrap; font-size: 70px; line-height: 22px; font-weight: 400; color: #ffffff; letter-spacing: 0px;font-family:\"atrsem\" !important;\">\u00e9charpes <\/div>\n\t<\/li>\n<\/ul>\n<div class=\"tp-bannertimer tp-bottom\" style=\"visibility: hidden !important;\"><\/div>\t<\/div>\n<script>var htmlDiv = document.getElementById(\"rs-plugin-settings-inline-css\"); var htmlDivCss=\"\";\n\t\t\t\tif(htmlDiv) {\n\t\t\t\t\thtmlDiv.innerHTML = htmlDiv.innerHTML + htmlDivCss;\n\t\t\t\t}else{\n\t\t\t\t\tvar htmlDiv = document.createElement(\"div\");\n\t\t\t\t\thtmlDiv.innerHTML = \"<style>\" + htmlDivCss + \"<\/style>\";\n\t\t\t\t\tdocument.getElementsByTagName(\"head\")[0].appendChild(htmlDiv.childNodes[0]);\n\t\t\t\t}\n\t\t\t<\/script>\n\t\t<script type=\"text\/javascript\">\nif (setREVStartSize!==undefined) setREVStartSize(\n\t{c: '#rev_slider_5_1', gridwidth: [1240], gridheight: [868], sliderLayout: 'auto'});\n\t\t\t\nvar revapi5,\n\ttpj;\t\n(function() {\t\t\t\n\tif (!\/loaded|interactive|complete\/.test(document.readyState)) document.addEventListener(\"DOMContentLoaded\",onLoad); else onLoad();\t\n\tfunction onLoad() {\t\t\t\t\n\t\tif (tpj===undefined) { tpj = jQuery; if(\"off\" == \"on\") tpj.noConflict();}\n\tif(tpj(\"#rev_slider_5_1\").revolution == undefined){\n\t\trevslider_showDoubleJqueryError(\"#rev_slider_5_1\");\n\t}else{\n\t\trevapi5 = tpj(\"#rev_slider_5_1\").show().revolution({\n\t\t\tsliderType:\"standard\",\n\t\t\tjsFileLocation:\"\/\/www.tessiturataborelli.it\/wp-content\/plugins\/revslider\/public\/assets\/js\/\",\n\t\t\tsliderLayout:\"auto\",\n\t\t\tdottedOverlay:\"none\",\n\t\t\tdelay:9000,\n\t\t\tnavigation: {\n\t\t\t\tonHoverStop:\"off\",\n\t\t\t},\n\t\t\tvisibilityLevels:[1240,1024,778,480],\n\t\t\tgridwidth:1240,\n\t\t\tgridheight:868,\n\t\t\tlazyType:\"none\",\n\t\t\tparallax: {\n\t\t\t\ttype:\"mouse\",\n\t\t\t\torigo:\"enterpoint\",\n\t\t\t\tspeed:400,\n\t\t\t\tspeedbg:0,\n\t\t\t\tspeedls:0,\n\t\t\t\tlevels:[5,10,15,20,25,30,35,40,45,46,47,48,49,50,51,55],\n\t\t\t},\n\t\t\tshadow:0,\n\t\t\tspinner:\"spinner0\",\n\t\t\tstopLoop:\"off\",\n\t\t\tstopAfterLoops:-1,\n\t\t\tstopAtSlide:-1,\n\t\t\tshuffle:\"off\",\n\t\t\tautoHeight:\"off\",\n\t\t\tdisableProgressBar:\"on\",\n\t\t\thideThumbsOnMobile:\"off\",\n\t\t\thideSliderAtLimit:0,\n\t\t\thideCaptionAtLimit:0,\n\t\t\thideAllCaptionAtLilmit:0,\n\t\t\tdebugMode:false,\n\t\t\tfallbacks: {\n\t\t\t\tsimplifyAll:\"off\",\n\t\t\t\tnextSlideOnWindowFocus:\"off\",\n\t\t\t\tdisableFocusListener:false,\n\t\t\t}\n\t\t});\n\t}; \/* END OF revapi call *\/\n\t\n }; \/* END OF ON LOAD FUNCTION *\/\n}()); \/* END OF WRAPPING FUNCTION *\/\n<\/script>\n\t\t<\/div><!-- END REVOLUTION SLIDER -->[\/vc_column][\/vc_row][vc_row][vc_column][vc_single_image image=\u00a0\u00bb193&Prime; img_size=\u00a0\u00bbfull\u00a0\u00bb alignment=\u00a0\u00bbcenter\u00a0\u00bb css=\u00a0\u00bb.vc_custom_1543230307260{margin-bottom: 0px !important;}\u00a0\u00bb][\/vc_column][\/vc_row][vc_row full_width=\u00a0\u00bbstretch_row\u00a0\u00bb][vc_column][vc_custom_heading text=\u00a0\u00bb<strong>Grandes conceptions,<\/strong><br \/>\ncr\u00e9ation pr\u00e9cise.\u00a0\u00bb google_fonts=\u00a0\u00bbfont_family:Lato%3A100%2C100italic%2C300%2C300italic%2Cregular%2Citalic%2C700%2C700italic%2C900%2C900italic|font_style:300%20light%20regular%3A300%3Anormal\u00a0\u00bb el_class=\u00a0\u00bbtitle-light-strong\u00a0\u00bb][vc_column_text el_class=\u00a0\u00bbtext-normal\u00a0\u00bb]Gr\u00e2ce \u00e0 nos machines jacquard, nous pouvons garantir un rapport de dessin jusqu\u2019\u00e0 la hauteur de 190 cm, avec la possibilit\u00e9 de cr\u00e9er des franges lat\u00e9rales (tissage avec Splitz). Pour les tissus nous utilisons des fibres naturelles telles que le coton, le lin, le Cachemire, la soie et la laine et les fibres artificielles comme modale et viscose<\/p>\n<p>A votre disposition une vaste archive historique et dans la salle d\u2019exposition un grand exemple de v\u00eatements finis.<br \/>\nLa personnalisation du produit peut \u00e9galement \u00eatre faite avec vos propres images et logos d\u2019entreprise.<\/p>\n<p>Du 2009 nous produisons des \u00e9charpes que nous vendons exclusivement aux converters italiens et \u00e9trangers.[\/vc_column_text][\/vc_column][\/vc_row][vc_row full_width=\u00a0\u00bbstretch_row_content_no_spaces\u00a0\u00bb el_class=\u00a0\u00bbfilo-division\u00a0\u00bb css=\u00a0\u00bb.vc_custom_1542962267097{background-image: url(http:\/\/www.tessiturataborelli.it\/wp-content\/uploads\/2018\/11\/filo-2.png?id=125) !important;}\u00a0\u00bb][vc_column][\/vc_column][\/vc_row][vc_row el_class=\u00a0\u00bbcontainer-text-top-div\u00a0\u00bb][vc_column width=\u00a0\u00bb1\/2&Prime;][vc_column_text el_class=\u00a0\u00bbtext-normal\u00a0\u00bb]<strong>\u201cDans tous les cas, la cr\u00e9ativit\u00e9 et l\u2019originalit\u00e9 ne manquerons jamais: nos collaborateurs vous suivrons dans chaque phase, vous donnant des conseils et des directions pr\u00e9cises pour le traitement de la finition.\u201d<br \/>\n<\/strong>[\/vc_column_text][\/vc_column][vc_column width=\u00a0\u00bb1\/2&Prime;][vc_column_text el_class=\u00a0\u00bbtext-normal\u00a0\u00bb]<strong>\u201cNous cr\u00e9ons 2 collections par an, pour un total de 120\/140 \u00e9chantillons, avec la possibilit\u00e9 d\u2019utiliser les nuances de la ligne de v\u00eatements: pratiquement, un choix infini!\u201d<br \/>\n<\/strong>[\/vc_column_text][\/vc_column][\/vc_row][vc_row full_width=\u00a0\u00bbstretch_row_content_no_spaces\u00a0\u00bb css=\u00a0\u00bb.vc_custom_1542992111547{margin-bottom: 90px !important;}\u00a0\u00bb][vc_column][\/vc_column][\/vc_row][vc_row][vc_column][vc_custom_heading text=\u00a0\u00bb<strong>Une op\u00e9ration qui se concr\u00e9tise<br \/>\nen quatre divisions\/lignes de produits:<\/strong><br \/>\ntissus pour l\u2019habillement f\u00e9minin, pour cravates, \u00e9charpes et ameublement.\u00a0\u00bb google_fonts=\u00a0\u00bbfont_family:Lato%3A100%2C100italic%2C300%2C300italic%2Cregular%2Citalic%2C700%2C700italic%2C900%2C900italic|font_style:300%20light%20regular%3A300%3Anormal\u00a0\u00bb el_class=\u00a0\u00bbtitle-light-strong min-div\u00a0\u00bb][\/vc_column][\/vc_row][vc_row full_width=\u00a0\u00bbstretch_row\u00a0\u00bb equal_height=\u00a0\u00bbyes\u00a0\u00bb css=\u00a0\u00bb.vc_custom_1542964520033{background-color: #e9e9e9 !important;}\u00a0\u00bb el_class=\u00a0\u00bbcontainer-mini-box-div\u00a0\u00bb][vc_column width=\u00a0\u00bb1\/4&Prime; el_class=\u00a0\u00bbmini-box-division\u00a0\u00bb css=\u00a0\u00bb.vc_custom_1542904757167{background-image: url(http:\/\/www.tessiturataborelli.it\/wp-content\/uploads\/2018\/11\/ab-femm.jpg?id=122) !important;}\u00a0\u00bb][vc_column_text]<\/p>\n<p style=\"text-align: center;\"><a href=\"http:\/\/www.tessiturataborelli.it\/fr\/divisions\/habillement\/\">habillement<\/a><\/p>\n<p>[\/vc_column_text][\/vc_column][vc_column width=\u00a0\u00bb1\/4&Prime; el_class=\u00a0\u00bbmini-box-division\u00a0\u00bb css=\u00a0\u00bb.vc_custom_1542962744545{background-image: url(http:\/\/www.tessiturataborelli.it\/wp-content\/uploads\/2018\/11\/sciarperia.jpg?id=127) !important;}\u00a0\u00bb][vc_column_text]<\/p>\n<p style=\"text-align: center;\"><a href=\"http:\/\/www.tessiturataborelli.it\/fr\/divisions\/echarpes\/\">\u00e9charpes<\/a><\/p>\n<p>[\/vc_column_text][\/vc_column][vc_column width=\u00a0\u00bb1\/4&Prime; el_class=\u00a0\u00bbmini-box-division\u00a0\u00bb css=\u00a0\u00bb.vc_custom_1542962811674{background-image: url(http:\/\/www.tessiturataborelli.it\/wp-content\/uploads\/2018\/11\/cravatteria.jpg?id=129) !important;}\u00a0\u00bb][vc_column_text]<\/p>\n<p style=\"text-align: center;\"><a href=\"http:\/\/www.tessiturataborelli.it\/fr\/divisions\/cravates\/\">cravates<\/a><\/p>\n<p>[\/vc_column_text][\/vc_column][vc_column width=\u00a0\u00bb1\/4&Prime; el_class=\u00a0\u00bbmini-box-division\u00a0\u00bb css=\u00a0\u00bb.vc_custom_1542962782645{background-image: url(http:\/\/www.tessiturataborelli.it\/wp-content\/uploads\/2018\/11\/arredamento.jpg?id=128) !important;}\u00a0\u00bb][vc_column_text]<\/p>\n<p style=\"text-align: center;\"><a href=\"http:\/\/www.tessiturataborelli.it\/fr\/divisions\/ameublement\/\">ameublement<\/a><\/p>\n<p>[\/vc_column_text][\/vc_column][\/vc_row][vc_row el_class=\u00a0\u00bbcontainer-text-sub-min-box-div\u00a0\u00bb][vc_column][vc_column_text el_class=\u00a0\u00bbtext-normal\u00a0\u00bb]Des milliers d\u2019articles qui changent de saison en saison, et qui repr\u00e9sentent le fil id\u00e9al d\u2019un d\u00e9vouement familial jamais interrompu.[\/vc_column_text][vc_column_text el_class=\u00a0\u00bbtext-normal sub-mini-div-bold\u00a0\u00bb]\u201cMaintenant, dans le groupe, travaille la quatri\u00e8me g\u00e9n\u00e9ration Taborelli:<br \/>\navec un enthousiasme renouvel\u00e9 et lanc\u00e9 vers l\u2019avenir&#8230;<br \/>\nl\u2019histoire continue.\u201d[\/vc_column_text][\/vc_column][\/vc_row]<\/p>\n","protected":false},"excerpt":{"rendered":"<p>[vc_row full_width=\u00a0\u00bbstretch_row_content_no_spaces\u00a0\u00bb el_class=\u00a0\u00bbheader-division\u00a0\u00bb][vc_column][\/vc_column][\/vc_row][vc_row][vc_column][vc_single_image image=\u00a0\u00bb193&Prime; img_size=\u00a0\u00bbfull\u00a0\u00bb alignment=\u00a0\u00bbcenter\u00a0\u00bb css=\u00a0\u00bb.vc_custom_1543230307260{margin-bottom: 0px !important;}\u00a0\u00bb][\/vc_column][\/vc_row][vc_row full_width=\u00a0\u00bbstretch_row\u00a0\u00bb][vc_column][vc_custom_heading text=\u00a0\u00bbGrandes conceptions, cr\u00e9ation pr\u00e9cise.\u00a0\u00bb google_fonts=\u00a0\u00bbfont_family:Lato%3A100%2C100italic%2C300%2C300italic%2Cregular%2Citalic%2C700%2C700italic%2C900%2C900italic|font_style:300%20light%20regular%3A300%3Anormal\u00a0\u00bb el_class=\u00a0\u00bbtitle-light-strong\u00a0\u00bb][vc_column_text el_class=\u00a0\u00bbtext-normal\u00a0\u00bb]Gr\u00e2ce \u00e0 nos machines jacquard, nous pouvons garantir un rapport de dessin jusqu\u2019\u00e0 la hauteur de 190 cm, avec la possibilit\u00e9 de cr\u00e9er des franges lat\u00e9rales (tissage avec Splitz). Pour les tissus nous utilisons des fibres naturelles telles que [&hellip;]<\/p>\n","protected":false},"author":1,"featured_media":0,"parent":770,"menu_order":0,"comment_status":"closed","ping_status":"closed","template":"","meta":{"footnotes":""},"acf":[],"_links":{"self":[{"href":"https:\/\/www.tessiturataborelli.it\/fr\/wp-json\/wp\/v2\/pages\/858"}],"collection":[{"href":"https:\/\/www.tessiturataborelli.it\/fr\/wp-json\/wp\/v2\/pages"}],"about":[{"href":"https:\/\/www.tessiturataborelli.it\/fr\/wp-json\/wp\/v2\/types\/page"}],"author":[{"embeddable":true,"href":"https:\/\/www.tessiturataborelli.it\/fr\/wp-json\/wp\/v2\/users\/1"}],"replies":[{"embeddable":true,"href":"https:\/\/www.tessiturataborelli.it\/fr\/wp-json\/wp\/v2\/comments?post=858"}],"version-history":[{"count":3,"href":"https:\/\/www.tessiturataborelli.it\/fr\/wp-json\/wp\/v2\/pages\/858\/revisions"}],"predecessor-version":[{"id":959,"href":"https:\/\/www.tessiturataborelli.it\/fr\/wp-json\/wp\/v2\/pages\/858\/revisions\/959"}],"up":[{"embeddable":true,"href":"https:\/\/www.tessiturataborelli.it\/fr\/wp-json\/wp\/v2\/pages\/770"}],"wp:attachment":[{"href":"https:\/\/www.tessiturataborelli.it\/fr\/wp-json\/wp\/v2\/media?parent=858"}],"curies":[{"name":"wp","href":"https:\/\/api.w.org\/{rel}","templated":true}]}}